{"id":1583,"date":"2022-06-28T17:38:47","date_gmt":"2022-06-28T15:38:47","guid":{"rendered":"http:\/\/www.silviaiovino.it\/tour-et-itineraires\/"},"modified":"2025-02-15T18:14:53","modified_gmt":"2025-02-15T17:14:53","slug":"tours-et-itineraires","status":"publish","type":"page","link":"https:\/\/www.silviaiovino.it\/fr\/tours-et-itineraires\/","title":{"rendered":"Tours et itin\u00e9raires"},"content":{"rendered":"<div class=\"wpb-content-wrapper\"><p>[vc_row css_animation=\u00a0\u00bb\u00a0\u00bb row_type=\u00a0\u00bbrow\u00a0\u00bb use_row_as_full_screen_section=\u00a0\u00bbno\u00a0\u00bb type=\u00a0\u00bbfull_width\u00a0\u00bb angled_section=\u00a0\u00bbno\u00a0\u00bb text_align=\u00a0\u00bbleft\u00a0\u00bb background_image_as_pattern=\u00a0\u00bbwithout_pattern\u00a0\u00bb][vc_column][vc_column_text]<\/p>\n<h2 style=\"text-align: center;\"><strong>Tour guid\u00e9s en Italie, \u00e0 Prato, \u00e0 Florence, en Toscane<\/strong><\/h2>\n<p>[\/vc_column_text][vc_empty_space][vc_column_text]<\/p>\n<h4 style=\"text-align: center;\">Laissez-vous inspir\u00e9r des tours propos\u00e9s. Des d\u00e9stinations riches en histoire, passion, beaut\u00e9 et culture.<\/h4>\n<h4 style=\"text-align: center;\">Silvia Iovino: votre organisatrice et guide locale en Toscane<\/h4>\n<p>[\/vc_column_text][\/vc_column][\/vc_row][vc_row css_animation=\u00a0\u00bb\u00a0\u00bb row_type=\u00a0\u00bbrow\u00a0\u00bb use_row_as_full_screen_section=\u00a0\u00bbno\u00a0\u00bb type=\u00a0\u00bbgrid\u00a0\u00bb angled_section=\u00a0\u00bbno\u00a0\u00bb text_align=\u00a0\u00bbcenter\u00a0\u00bb background_image_as_pattern=\u00a0\u00bbwithout_pattern\u00a0\u00bb padding_top=\u00a0\u00bb50&Prime; padding_bottom=\u00a0\u00bb25&Prime; z_index=\u00a0\u00bb\u00a0\u00bb css=\u00a0\u00bb.vc_custom_1595506468990{background-position: center !important;background-repeat: no-repeat !important;background-size: cover !important;}\u00a0\u00bb][vc_column width=\u00a0\u00bb1\/2&Prime; css=\u00a0\u00bb.vc_custom_1631536060792{border-top-width: 5px !important;border-right-width: 5px !important;border-bottom-width: 5px !important;border-left-width: 5px !important;padding-top: 50px !important;padding-right: 50px !important;padding-bottom: 50px !important;padding-left: 50px !important;background-image: url(http:\/\/www.silviaiovino.it\/wp-content\/uploads\/2020\/07\/duomo-firenze.jpg?id=197) !important;border-left-color: #ffffff !important;border-left-style: solid !important;border-right-color: #ffffff !important;border-right-style: solid !important;border-top-color: #ffffff !important;border-top-style: solid !important;border-bottom-color: #ffffff !important;border-bottom-style: solid !important;}\u00a0\u00bb][vc_row_inner row_type=\u00a0\u00bbrow\u00a0\u00bb type=\u00a0\u00bbfull_width\u00a0\u00bb text_align=\u00a0\u00bbcenter\u00a0\u00bb css_animation=\u00a0\u00bb\u00a0\u00bb css=\u00a0\u00bb.vc_custom_1596725788631{background-color: rgba(255,255,255,0.9) !important;*background-color: rgb(255,255,255) !important;}\u00a0\u00bb][vc_column_inner css=\u00a0\u00bb.vc_custom_1595506317700{padding: 20px !important;}\u00a0\u00bb][vc_single_image image=\u00a0\u00bb196&Prime; img_size=\u00a0\u00bb200&#215;200&Prime; alignment=\u00a0\u00bbcenter\u00a0\u00bb onclick=\u00a0\u00bbcustom_link\u00a0\u00bb qode_css_animation=\u00a0\u00bb\u00a0\u00bb link=\u00a0\u00bb\/fr\/tours-de-florence\/\u00a0\u00bb][vc_column_text]<\/p>\n<h2 style=\"text-align: center;\"><strong>TOURS<br \/>\nDE FLORENCE<\/strong><\/h2>\n<p>[\/vc_column_text][\/vc_column_inner][\/vc_row_inner][\/vc_column][vc_column width=\u00a0\u00bb1\/2&Prime; css=\u00a0\u00bb.vc_custom_1631536088212{border-top-width: 5px !important;border-right-width: 5px !important;border-bottom-width: 5px !important;border-left-width: 5px !important;padding-top: 50px !important;padding-right: 50px !important;padding-bottom: 50px !important;padding-left: 50px !important;background-image: url(http:\/\/www.silviaiovino.it\/wp-content\/uploads\/2020\/08\/Silvia-Iovino-Tour-Prato-la-perla-nascosata-della-Toscana.jpg?id=310) !important;border-left-color: #ffffff !important;border-left-style: solid !important;border-right-color: #ffffff !important;border-right-style: solid !important;border-top-color: #ffffff !important;border-top-style: solid !important;border-bottom-color: #ffffff !important;border-bottom-style: solid !important;}\u00a0\u00bb][vc_row_inner row_type=\u00a0\u00bbrow\u00a0\u00bb type=\u00a0\u00bbfull_width\u00a0\u00bb text_align=\u00a0\u00bbleft\u00a0\u00bb css_animation=\u00a0\u00bb\u00a0\u00bb css=\u00a0\u00bb.vc_custom_1595506283053{background-color: rgba(255,255,255,0.9) !important;*background-color: rgb(255,255,255) !important;}\u00a0\u00bb][vc_column_inner css=\u00a0\u00bb.vc_custom_1595506317700{padding: 20px !important;}\u00a0\u00bb][vc_single_image image=\u00a0\u00bb267&Prime; img_size=\u00a0\u00bb200&#215;200&Prime; alignment=\u00a0\u00bbcenter\u00a0\u00bb onclick=\u00a0\u00bbcustom_link\u00a0\u00bb qode_css_animation=\u00a0\u00bb\u00a0\u00bb link=\u00a0\u00bb\/fr\/tours-de-prato\/\u00a0\u00bb][vc_column_text]<\/p>\n<h2 style=\"text-align: center;\"><strong>TOURS<br \/>\nDE PRATO<\/strong><\/h2>\n<p>[\/vc_column_text][\/vc_column_inner][\/vc_row_inner][\/vc_column][\/vc_row][vc_row css_animation=\u00a0\u00bb\u00a0\u00bb row_type=\u00a0\u00bbrow\u00a0\u00bb use_row_as_full_screen_section=\u00a0\u00bbno\u00a0\u00bb type=\u00a0\u00bbgrid\u00a0\u00bb angled_section=\u00a0\u00bbno\u00a0\u00bb text_align=\u00a0\u00bbcenter\u00a0\u00bb background_image_as_pattern=\u00a0\u00bbwithout_pattern\u00a0\u00bb padding_top=\u00a0\u00bb25&Prime; padding_bottom=\u00a0\u00bb50&Prime; z_index=\u00a0\u00bb\u00a0\u00bb css=\u00a0\u00bb.vc_custom_1595506460390{background-position: center !important;background-repeat: no-repeat !important;background-size: cover !important;}\u00a0\u00bb][vc_column width=\u00a0\u00bb1\/2&Prime; css=\u00a0\u00bb.vc_custom_1631536114731{border-top-width: 5px !important;border-right-width: 5px !important;border-bottom-width: 5px !important;border-left-width: 5px !important;padding-top: 50px !important;padding-right: 50px !important;padding-bottom: 50px !important;padding-left: 50px !important;background-image: url(http:\/\/www.silviaiovino.it\/wp-content\/uploads\/2020\/08\/Silvia-Iovino-Tour-dintorni-Villa-Castello.jpg?id=302) !important;border-left-color: #ffffff !important;border-left-style: solid !important;border-right-color: #ffffff !important;border-right-style: solid !important;border-top-color: #ffffff !important;border-top-style: solid !important;border-bottom-color: #ffffff !important;border-bottom-style: solid !important;}\u00a0\u00bb][vc_row_inner row_type=\u00a0\u00bbrow\u00a0\u00bb type=\u00a0\u00bbfull_width\u00a0\u00bb text_align=\u00a0\u00bbleft\u00a0\u00bb css_animation=\u00a0\u00bb\u00a0\u00bb css=\u00a0\u00bb.vc_custom_1595506283053{background-color: rgba(255,255,255,0.9) !important;*background-color: rgb(255,255,255) !important;}\u00a0\u00bb][vc_column_inner css=\u00a0\u00bb.vc_custom_1595506317700{padding: 20px !important;}\u00a0\u00bb][vc_single_image image=\u00a0\u00bb1510&Prime; img_size=\u00a0\u00bb200&#215;200&Prime; alignment=\u00a0\u00bbcenter\u00a0\u00bb onclick=\u00a0\u00bbcustom_link\u00a0\u00bb qode_css_animation=\u00a0\u00bb\u00a0\u00bb link=\u00a0\u00bb\/fr\/tours-aux-alentours\/\u00a0\u00bb][vc_column_text]<\/p>\n<h2 style=\"text-align: center;\"><strong>TOURS AUX<br \/>\nALENTOURS<\/strong><\/h2>\n<p>[\/vc_column_text][\/vc_column_inner][\/vc_row_inner][\/vc_column][vc_column width=\u00a0\u00bb1\/2&Prime; css=\u00a0\u00bb.vc_custom_1631536147114{border-top-width: 5px !important;border-right-width: 5px !important;border-bottom-width: 5px !important;border-left-width: 5px !important;padding-top: 50px !important;padding-right: 50px !important;padding-bottom: 50px !important;padding-left: 50px !important;background-image: url(http:\/\/www.silviaiovino.it\/wp-content\/uploads\/2020\/08\/Silvia-Iovino-Tour-speciali-passegiata-dantesca.jpg?id=312) !important;border-left-color: #ffffff !important;border-left-style: solid !important;border-right-color: #ffffff !important;border-right-style: solid !important;border-top-color: #ffffff !important;border-top-style: solid !important;border-bottom-color: #ffffff !important;border-bottom-style: solid !important;}\u00a0\u00bb][vc_row_inner row_type=\u00a0\u00bbrow\u00a0\u00bb type=\u00a0\u00bbfull_width\u00a0\u00bb text_align=\u00a0\u00bbleft\u00a0\u00bb css_animation=\u00a0\u00bb\u00a0\u00bb css=\u00a0\u00bb.vc_custom_1595506283053{background-color: rgba(255,255,255,0.9) !important;*background-color: rgb(255,255,255) !important;}\u00a0\u00bb][vc_column_inner css=\u00a0\u00bb.vc_custom_1595506317700{padding: 20px !important;}\u00a0\u00bb][vc_single_image image=\u00a0\u00bb1509&Prime; img_size=\u00a0\u00bb200&#215;200&Prime; alignment=\u00a0\u00bbcenter\u00a0\u00bb onclick=\u00a0\u00bbcustom_link\u00a0\u00bb qode_css_animation=\u00a0\u00bb\u00a0\u00bb link=\u00a0\u00bb\/fr\/tours-speciaux\/\u00a0\u00bb][vc_column_text]<\/p>\n<h2 style=\"text-align: center;\"><strong>TOURS<br \/>\nSP\u00c9CIAUX<\/strong><\/h2>\n<p>[\/vc_column_text][\/vc_column_inner][\/vc_row_inner][\/vc_column][\/vc_row]<\/p>\n<\/div>","protected":false},"excerpt":{"rendered":"<p>[vc_row css_animation=\u00a0\u00bb\u00a0\u00bb row_type=\u00a0\u00bbrow\u00a0\u00bb use_row_as_full_screen_section=\u00a0\u00bbno\u00a0\u00bb type=\u00a0\u00bbfull_width\u00a0\u00bb angled_section=\u00a0\u00bbno\u00a0\u00bb text_align=\u00a0\u00bbleft\u00a0\u00bb background_image_as_pattern=\u00a0\u00bbwithout_pattern\u00a0\u00bb][vc_column][vc_column_text] Tour guid\u00e9s en Italie, \u00e0 Prato, \u00e0 Florence, en Toscane [\/vc_column_text][vc_empty_space][vc_column_text] Laissez-vous inspir\u00e9r des tours propos\u00e9s. Des d\u00e9stinations riches en histoire, passion, beaut\u00e9 et culture. Silvia Iovino: votre organisatrice et guide locale en Toscane [\/vc_column_text][\/vc_column][\/vc_row][vc_row css_animation=\u00a0\u00bb\u00a0\u00bb row_type=\u00a0\u00bbrow\u00a0\u00bb&#8230;<\/p>\n","protected":false},"author":3,"featured_media":0,"parent":0,"menu_order":0,"comment_status":"closed","ping_status":"closed","template":"full_width.php","meta":{"footnotes":""},"class_list":["post-1583","page","type-page","status-publish","hentry"],"yoast_head":"<!-- This site is optimized with the Yoast SEO plugin v27.4 - https:\/\/yoast.com\/product\/yoast-seo-wordpress\/ -->\n<title>Tours guid\u00e9s en Italie Tour de la Toscane | Silvia Iovino guide locale et francophone<\/title>\n<meta name=\"description\" content=\"Tours guid\u00e9s en Italie: visiter Prato, visiter Florence et les endroits les plus captivants de la Toscane. D\u00e9couvrez le programme et r\u00e9servez votre exp\u00e9rience avec votre guide et organisatrice locale!\" \/>\n<meta name=\"robots\" content=\"index, follow, max-snippet:-1, max-image-preview:large, max-video-preview:-1\" \/>\n<link rel=\"canonical\" href=\"https:\/\/www.silviaiovino.it\/fr\/tours-et-itineraires\/\" \/>\n<meta property=\"og:locale\" content=\"fr_FR\" \/>\n<meta property=\"og:type\" content=\"article\" \/>\n<meta property=\"og:title\" content=\"Tours guid\u00e9s en Italie Tour de la Toscane | Silvia Iovino guide locale et francophone\" \/>\n<meta property=\"og:description\" content=\"Tours guid\u00e9s en Italie: visiter Prato, visiter Florence et les endroits les plus captivants de la Toscane. D\u00e9couvrez le programme et r\u00e9servez votre exp\u00e9rience avec votre guide et organisatrice locale!\" \/>\n<meta property=\"og:url\" content=\"https:\/\/www.silviaiovino.it\/fr\/tours-et-itineraires\/\" \/>\n<meta property=\"og:site_name\" content=\"Silvia Iovino\" \/>\n<meta property=\"article:modified_time\" content=\"2025-02-15T17:14:53+00:00\" \/>\n<meta name=\"twitter:card\" content=\"summary_large_image\" \/>\n<meta name=\"twitter:label1\" content=\"Dur\u00e9e de lecture estim\u00e9e\" \/>\n\t<meta name=\"twitter:data1\" content=\"2 minutes\" \/>\n<script type=\"application\/ld+json\" class=\"yoast-schema-graph\">{\"@context\":\"https:\\\/\\\/schema.org\",\"@graph\":[{\"@type\":\"WebPage\",\"@id\":\"https:\\\/\\\/www.silviaiovino.it\\\/fr\\\/tours-et-itineraires\\\/\",\"url\":\"https:\\\/\\\/www.silviaiovino.it\\\/fr\\\/tours-et-itineraires\\\/\",\"name\":\"Tours guid\u00e9s en Italie Tour de la Toscane | Silvia Iovino guide locale et francophone\",\"isPartOf\":{\"@id\":\"https:\\\/\\\/www.silviaiovino.it\\\/fr\\\/#website\"},\"datePublished\":\"2022-06-28T15:38:47+00:00\",\"dateModified\":\"2025-02-15T17:14:53+00:00\",\"description\":\"Tours guid\u00e9s en Italie: visiter Prato, visiter Florence et les endroits les plus captivants de la Toscane. D\u00e9couvrez le programme et r\u00e9servez votre exp\u00e9rience avec votre guide et organisatrice locale!\",\"breadcrumb\":{\"@id\":\"https:\\\/\\\/www.silviaiovino.it\\\/fr\\\/tours-et-itineraires\\\/#breadcrumb\"},\"inLanguage\":\"fr-FR\",\"potentialAction\":[{\"@type\":\"ReadAction\",\"target\":[\"https:\\\/\\\/www.silviaiovino.it\\\/fr\\\/tours-et-itineraires\\\/\"]}]},{\"@type\":\"BreadcrumbList\",\"@id\":\"https:\\\/\\\/www.silviaiovino.it\\\/fr\\\/tours-et-itineraires\\\/#breadcrumb\",\"itemListElement\":[{\"@type\":\"ListItem\",\"position\":1,\"name\":\"Home\",\"item\":\"https:\\\/\\\/www.silviaiovino.it\\\/fr\\\/\"},{\"@type\":\"ListItem\",\"position\":2,\"name\":\"Tours et itin\u00e9raires\"}]},{\"@type\":\"WebSite\",\"@id\":\"https:\\\/\\\/www.silviaiovino.it\\\/fr\\\/#website\",\"url\":\"https:\\\/\\\/www.silviaiovino.it\\\/fr\\\/\",\"name\":\"Silvia Iovino\",\"description\":\"Guida Turistica per Firenze, Prato e Dintorni\",\"potentialAction\":[{\"@type\":\"SearchAction\",\"target\":{\"@type\":\"EntryPoint\",\"urlTemplate\":\"https:\\\/\\\/www.silviaiovino.it\\\/fr\\\/?s={search_term_string}\"},\"query-input\":{\"@type\":\"PropertyValueSpecification\",\"valueRequired\":true,\"valueName\":\"search_term_string\"}}],\"inLanguage\":\"fr-FR\"}]}<\/script>\n<!-- \/ Yoast SEO plugin. -->","yoast_head_json":{"title":"Tours guid\u00e9s en Italie Tour de la Toscane | Silvia Iovino guide locale et francophone","description":"Tours guid\u00e9s en Italie: visiter Prato, visiter Florence et les endroits les plus captivants de la Toscane. D\u00e9couvrez le programme et r\u00e9servez votre exp\u00e9rience avec votre guide et organisatrice locale!","robots":{"index":"index","follow":"follow","max-snippet":"max-snippet:-1","max-image-preview":"max-image-preview:large","max-video-preview":"max-video-preview:-1"},"canonical":"https:\/\/www.silviaiovino.it\/fr\/tours-et-itineraires\/","og_locale":"fr_FR","og_type":"article","og_title":"Tours guid\u00e9s en Italie Tour de la Toscane | Silvia Iovino guide locale et francophone","og_description":"Tours guid\u00e9s en Italie: visiter Prato, visiter Florence et les endroits les plus captivants de la Toscane. D\u00e9couvrez le programme et r\u00e9servez votre exp\u00e9rience avec votre guide et organisatrice locale!","og_url":"https:\/\/www.silviaiovino.it\/fr\/tours-et-itineraires\/","og_site_name":"Silvia Iovino","article_modified_time":"2025-02-15T17:14:53+00:00","twitter_card":"summary_large_image","twitter_misc":{"Dur\u00e9e de lecture estim\u00e9e":"2 minutes"},"schema":{"@context":"https:\/\/schema.org","@graph":[{"@type":"WebPage","@id":"https:\/\/www.silviaiovino.it\/fr\/tours-et-itineraires\/","url":"https:\/\/www.silviaiovino.it\/fr\/tours-et-itineraires\/","name":"Tours guid\u00e9s en Italie Tour de la Toscane | Silvia Iovino guide locale et francophone","isPartOf":{"@id":"https:\/\/www.silviaiovino.it\/fr\/#website"},"datePublished":"2022-06-28T15:38:47+00:00","dateModified":"2025-02-15T17:14:53+00:00","description":"Tours guid\u00e9s en Italie: visiter Prato, visiter Florence et les endroits les plus captivants de la Toscane. D\u00e9couvrez le programme et r\u00e9servez votre exp\u00e9rience avec votre guide et organisatrice locale!","breadcrumb":{"@id":"https:\/\/www.silviaiovino.it\/fr\/tours-et-itineraires\/#breadcrumb"},"inLanguage":"fr-FR","potentialAction":[{"@type":"ReadAction","target":["https:\/\/www.silviaiovino.it\/fr\/tours-et-itineraires\/"]}]},{"@type":"BreadcrumbList","@id":"https:\/\/www.silviaiovino.it\/fr\/tours-et-itineraires\/#breadcrumb","itemListElement":[{"@type":"ListItem","position":1,"name":"Home","item":"https:\/\/www.silviaiovino.it\/fr\/"},{"@type":"ListItem","position":2,"name":"Tours et itin\u00e9raires"}]},{"@type":"WebSite","@id":"https:\/\/www.silviaiovino.it\/fr\/#website","url":"https:\/\/www.silviaiovino.it\/fr\/","name":"Silvia Iovino","description":"Guida Turistica per Firenze, Prato e Dintorni","potentialAction":[{"@type":"SearchAction","target":{"@type":"EntryPoint","urlTemplate":"https:\/\/www.silviaiovino.it\/fr\/?s={search_term_string}"},"query-input":{"@type":"PropertyValueSpecification","valueRequired":true,"valueName":"search_term_string"}}],"inLanguage":"fr-FR"}]}},"_links":{"self":[{"href":"https:\/\/www.silviaiovino.it\/fr\/wp-json\/wp\/v2\/pages\/1583","targetHints":{"allow":["GET"]}}],"collection":[{"href":"https:\/\/www.silviaiovino.it\/fr\/wp-json\/wp\/v2\/pages"}],"about":[{"href":"https:\/\/www.silviaiovino.it\/fr\/wp-json\/wp\/v2\/types\/page"}],"author":[{"embeddable":true,"href":"https:\/\/www.silviaiovino.it\/fr\/wp-json\/wp\/v2\/users\/3"}],"replies":[{"embeddable":true,"href":"https:\/\/www.silviaiovino.it\/fr\/wp-json\/wp\/v2\/comments?post=1583"}],"version-history":[{"count":1,"href":"https:\/\/www.silviaiovino.it\/fr\/wp-json\/wp\/v2\/pages\/1583\/revisions"}],"predecessor-version":[{"id":2791,"href":"https:\/\/www.silviaiovino.it\/fr\/wp-json\/wp\/v2\/pages\/1583\/revisions\/2791"}],"wp:attachment":[{"href":"https:\/\/www.silviaiovino.it\/fr\/wp-json\/wp\/v2\/media?parent=1583"}],"curies":[{"name":"wp","href":"https:\/\/api.w.org\/{rel}","templated":true}]}}