{"id":1587,"date":"2022-06-28T18:13:25","date_gmt":"2022-06-28T16:13:25","guid":{"rendered":"http:\/\/www.silviaiovino.it\/contacts\/"},"modified":"2025-02-15T18:08:47","modified_gmt":"2025-02-15T17:08:47","slug":"contacts","status":"publish","type":"page","link":"https:\/\/www.silviaiovino.it\/fr\/contacts\/","title":{"rendered":"Contacts"},"content":{"rendered":"<div class=\"wpb-content-wrapper\"><p>[vc_row css_animation=\u00a0\u00bb\u00a0\u00bb row_type=\u00a0\u00bbrow\u00a0\u00bb use_row_as_full_screen_section=\u00a0\u00bbno\u00a0\u00bb type=\u00a0\u00bbgrid\u00a0\u00bb angled_section=\u00a0\u00bbno\u00a0\u00bb text_align=\u00a0\u00bbleft\u00a0\u00bb background_image_as_pattern=\u00a0\u00bbwithout_pattern\u00a0\u00bb padding_top=\u00a0\u00bb90&Prime; padding_bottom=\u00a0\u00bb149&Prime; z_index=\u00a0\u00bb\u00a0\u00bb][vc_column width=\u00a0\u00bb1\/2&Prime; offset=\u00a0\u00bbvc_col-md-5&Prime;][qode_elements_holder number_of_columns=\u00a0\u00bbone_column\u00a0\u00bb][qode_elements_holder_item advanced_animations=\u00a0\u00bbno\u00a0\u00bb item_padding=\u00a0\u00bb0px 68px 0 0px\u00a0\u00bb item_padding_1280_1440=\u00a0\u00bb0px 68px 0 0px\u00a0\u00bb item_padding_1024_1280=\u00a0\u00bb0px 68px 0 0px\u00a0\u00bb item_padding_768_1024=\u00a0\u00bb0px 40px 0 0px\u00a0\u00bb item_padding_600_768=\u00a0\u00bb10px 40px 50px 0px\u00a0\u00bb item_padding_480_600=\u00a0\u00bb10px 0px 50px 0px\u00a0\u00bb item_padding_480=\u00a0\u00bb10px 0px 50px 0px\u00a0\u00bb][vc_column_text]<\/p>\n<h2><strong>Contactez-moi!<\/strong><\/h2>\n<p>[\/vc_column_text][vc_empty_space height=\u00a0\u00bb36px\u00a0\u00bb][vc_column_text css=\u00a0\u00bb\u00a0\u00bb]Est-ce que vous souhaitez participer \u00e0 un des mes tours?<\/p>\n<p>Voulez-vous plus d&rsquo;informations ou simplement r\u00e9server en ligne un parcours personnalis\u00e9 avec Silvia Iovino?[\/vc_column_text][vc_empty_space height=\u00a0\u00bb35px\u00a0\u00bb]<div class=\"q_icon_list\"><i class=\"qode_icon_font_awesome fa fa-map-o qode-ili-icon-holder transparent\" style=\"font-size: 24px;color: #84886e;\" ><\/i><p style=\"color:#000000;font-size: 15px;font-weight: 300;margin-bottom: 5px;\">Via Giovanni Pisano, n. 12<br \/>\n59110 PRATO (PO)<\/p><\/div>[vc_empty_space height=\u00a0\u00bb20px\u00a0\u00bb]<div class=\"q_icon_list\"><i class=\"qode_icon_font_awesome fa fa-mobile qode-ili-icon-holder transparent\" style=\"font-size: 34px;color: #84886e;\" ><\/i><p style=\"color:#000000;font-size: 15px;font-weight: 300;margin-bottom: 5px;\">+39 339 1020987<\/p><\/div>[vc_empty_space height=\u00a0\u00bb20px\u00a0\u00bb]<div class=\"q_icon_list\"><i class=\"qode_icon_font_awesome fa fa-envelope-o qode-ili-icon-holder transparent\" style=\"font-size: 24px;color: #84886e;\" ><\/i><p style=\"color:#000000;font-size: 15px;font-weight: 300;margin-bottom: 5px;\">info@silviaiovino.it<\/p><\/div>[vc_empty_space height=\u00a0\u00bb20px\u00a0\u00bb][\/qode_elements_holder_item][\/qode_elements_holder][\/vc_column][vc_column width=\u00a0\u00bb1\/2&Prime; offset=\u00a0\u00bbvc_col-md-7&Prime;][\/vc_column][\/vc_row][vc_row css_animation=\u00a0\u00bb\u00a0\u00bb row_type=\u00a0\u00bbrow\u00a0\u00bb use_row_as_full_screen_section=\u00a0\u00bbno\u00a0\u00bb type=\u00a0\u00bbfull_width\u00a0\u00bb angled_section=\u00a0\u00bbno\u00a0\u00bb text_align=\u00a0\u00bbleft\u00a0\u00bb background_image_as_pattern=\u00a0\u00bbwithout_pattern\u00a0\u00bb css=\u00a0\u00bb.vc_custom_1595505168852{padding-bottom: 20% !important;}\u00a0\u00bb z_index=\u00a0\u00bb\u00a0\u00bb background_image=\u00a0\u00bb185&Prime;][vc_column][\/vc_column][\/vc_row]<\/p>\n<\/div>","protected":false},"excerpt":{"rendered":"<p>[vc_row css_animation=\u00a0\u00bb\u00a0\u00bb row_type=\u00a0\u00bbrow\u00a0\u00bb use_row_as_full_screen_section=\u00a0\u00bbno\u00a0\u00bb type=\u00a0\u00bbgrid\u00a0\u00bb angled_section=\u00a0\u00bbno\u00a0\u00bb text_align=\u00a0\u00bbleft\u00a0\u00bb background_image_as_pattern=\u00a0\u00bbwithout_pattern\u00a0\u00bb padding_top=\u00a0\u00bb90&Prime; padding_bottom=\u00a0\u00bb149&Prime; z_index=\u00a0\u00bb\u00a0\u00bb][vc_column width=\u00a0\u00bb1\/2&Prime; offset=\u00a0\u00bbvc_col-md-5&Prime;][qode_elements_holder number_of_columns=\u00a0\u00bbone_column\u00a0\u00bb][qode_elements_holder_item advanced_animations=\u00a0\u00bbno\u00a0\u00bb item_padding=\u00a0\u00bb0px 68px 0 0px\u00a0\u00bb item_padding_1280_1440=\u00a0\u00bb0px 68px 0 0px\u00a0\u00bb item_padding_1024_1280=\u00a0\u00bb0px 68px 0 0px\u00a0\u00bb item_padding_768_1024=\u00a0\u00bb0px 40px 0 0px\u00a0\u00bb item_padding_600_768=\u00a0\u00bb10px 40px 50px 0px\u00a0\u00bb item_padding_480_600=\u00a0\u00bb10px 0px 50px 0px\u00a0\u00bb item_padding_480=\u00a0\u00bb10px 0px 50px 0px\u00a0\u00bb][vc_column_text] Contactez-moi! [\/vc_column_text][vc_empty_space&#8230;<\/p>\n","protected":false},"author":3,"featured_media":0,"parent":0,"menu_order":0,"comment_status":"closed","ping_status":"closed","template":"full_width.php","meta":{"footnotes":""},"class_list":["post-1587","page","type-page","status-publish","hentry"],"yoast_head":"<!-- This site is optimized with the Yoast SEO plugin v27.4 - https:\/\/yoast.com\/product\/yoast-seo-wordpress\/ -->\n<title>Contacts - Silvia Iovino guide Conferenci\u00e8re Qualifi\u00e9e<\/title>\n<meta name=\"description\" content=\"D\u00e9sirez-vous en savoir plus sur mes visites guid\u00e9es? D\u00e9sirez-vous r\u00e9server mes tours? Contactez-moi!\" \/>\n<meta name=\"robots\" content=\"index, follow, max-snippet:-1, max-image-preview:large, max-video-preview:-1\" \/>\n<link rel=\"canonical\" href=\"https:\/\/www.silviaiovino.it\/fr\/contacts\/\" \/>\n<meta property=\"og:locale\" content=\"fr_FR\" \/>\n<meta property=\"og:type\" content=\"article\" \/>\n<meta property=\"og:title\" content=\"Contacts - Silvia Iovino guide Conferenci\u00e8re Qualifi\u00e9e\" \/>\n<meta property=\"og:description\" content=\"D\u00e9sirez-vous en savoir plus sur mes visites guid\u00e9es? D\u00e9sirez-vous r\u00e9server mes tours? Contactez-moi!\" \/>\n<meta property=\"og:url\" content=\"https:\/\/www.silviaiovino.it\/fr\/contacts\/\" \/>\n<meta property=\"og:site_name\" content=\"Silvia Iovino\" \/>\n<meta property=\"article:modified_time\" content=\"2025-02-15T17:08:47+00:00\" \/>\n<meta name=\"twitter:card\" content=\"summary_large_image\" \/>\n<meta name=\"twitter:label1\" content=\"Dur\u00e9e de lecture estim\u00e9e\" \/>\n\t<meta name=\"twitter:data1\" content=\"1 minute\" \/>\n<script type=\"application\/ld+json\" class=\"yoast-schema-graph\">{\"@context\":\"https:\\\/\\\/schema.org\",\"@graph\":[{\"@type\":\"WebPage\",\"@id\":\"https:\\\/\\\/www.silviaiovino.it\\\/fr\\\/contacts\\\/\",\"url\":\"https:\\\/\\\/www.silviaiovino.it\\\/fr\\\/contacts\\\/\",\"name\":\"Contacts - Silvia Iovino guide Conferenci\u00e8re Qualifi\u00e9e\",\"isPartOf\":{\"@id\":\"https:\\\/\\\/www.silviaiovino.it\\\/fr\\\/#website\"},\"datePublished\":\"2022-06-28T16:13:25+00:00\",\"dateModified\":\"2025-02-15T17:08:47+00:00\",\"description\":\"D\u00e9sirez-vous en savoir plus sur mes visites guid\u00e9es? D\u00e9sirez-vous r\u00e9server mes tours? Contactez-moi!\",\"breadcrumb\":{\"@id\":\"https:\\\/\\\/www.silviaiovino.it\\\/fr\\\/contacts\\\/#breadcrumb\"},\"inLanguage\":\"fr-FR\",\"potentialAction\":[{\"@type\":\"ReadAction\",\"target\":[\"https:\\\/\\\/www.silviaiovino.it\\\/fr\\\/contacts\\\/\"]}]},{\"@type\":\"BreadcrumbList\",\"@id\":\"https:\\\/\\\/www.silviaiovino.it\\\/fr\\\/contacts\\\/#breadcrumb\",\"itemListElement\":[{\"@type\":\"ListItem\",\"position\":1,\"name\":\"Home\",\"item\":\"https:\\\/\\\/www.silviaiovino.it\\\/fr\\\/\"},{\"@type\":\"ListItem\",\"position\":2,\"name\":\"Contacts\"}]},{\"@type\":\"WebSite\",\"@id\":\"https:\\\/\\\/www.silviaiovino.it\\\/fr\\\/#website\",\"url\":\"https:\\\/\\\/www.silviaiovino.it\\\/fr\\\/\",\"name\":\"Silvia Iovino\",\"description\":\"Guida Turistica per Firenze, Prato e Dintorni\",\"potentialAction\":[{\"@type\":\"SearchAction\",\"target\":{\"@type\":\"EntryPoint\",\"urlTemplate\":\"https:\\\/\\\/www.silviaiovino.it\\\/fr\\\/?s={search_term_string}\"},\"query-input\":{\"@type\":\"PropertyValueSpecification\",\"valueRequired\":true,\"valueName\":\"search_term_string\"}}],\"inLanguage\":\"fr-FR\"}]}<\/script>\n<!-- \/ Yoast SEO plugin. -->","yoast_head_json":{"title":"Contacts - Silvia Iovino guide Conferenci\u00e8re Qualifi\u00e9e","description":"D\u00e9sirez-vous en savoir plus sur mes visites guid\u00e9es? D\u00e9sirez-vous r\u00e9server mes tours? Contactez-moi!","robots":{"index":"index","follow":"follow","max-snippet":"max-snippet:-1","max-image-preview":"max-image-preview:large","max-video-preview":"max-video-preview:-1"},"canonical":"https:\/\/www.silviaiovino.it\/fr\/contacts\/","og_locale":"fr_FR","og_type":"article","og_title":"Contacts - Silvia Iovino guide Conferenci\u00e8re Qualifi\u00e9e","og_description":"D\u00e9sirez-vous en savoir plus sur mes visites guid\u00e9es? D\u00e9sirez-vous r\u00e9server mes tours? Contactez-moi!","og_url":"https:\/\/www.silviaiovino.it\/fr\/contacts\/","og_site_name":"Silvia Iovino","article_modified_time":"2025-02-15T17:08:47+00:00","twitter_card":"summary_large_image","twitter_misc":{"Dur\u00e9e de lecture estim\u00e9e":"1 minute"},"schema":{"@context":"https:\/\/schema.org","@graph":[{"@type":"WebPage","@id":"https:\/\/www.silviaiovino.it\/fr\/contacts\/","url":"https:\/\/www.silviaiovino.it\/fr\/contacts\/","name":"Contacts - Silvia Iovino guide Conferenci\u00e8re Qualifi\u00e9e","isPartOf":{"@id":"https:\/\/www.silviaiovino.it\/fr\/#website"},"datePublished":"2022-06-28T16:13:25+00:00","dateModified":"2025-02-15T17:08:47+00:00","description":"D\u00e9sirez-vous en savoir plus sur mes visites guid\u00e9es? D\u00e9sirez-vous r\u00e9server mes tours? Contactez-moi!","breadcrumb":{"@id":"https:\/\/www.silviaiovino.it\/fr\/contacts\/#breadcrumb"},"inLanguage":"fr-FR","potentialAction":[{"@type":"ReadAction","target":["https:\/\/www.silviaiovino.it\/fr\/contacts\/"]}]},{"@type":"BreadcrumbList","@id":"https:\/\/www.silviaiovino.it\/fr\/contacts\/#breadcrumb","itemListElement":[{"@type":"ListItem","position":1,"name":"Home","item":"https:\/\/www.silviaiovino.it\/fr\/"},{"@type":"ListItem","position":2,"name":"Contacts"}]},{"@type":"WebSite","@id":"https:\/\/www.silviaiovino.it\/fr\/#website","url":"https:\/\/www.silviaiovino.it\/fr\/","name":"Silvia Iovino","description":"Guida Turistica per Firenze, Prato e Dintorni","potentialAction":[{"@type":"SearchAction","target":{"@type":"EntryPoint","urlTemplate":"https:\/\/www.silviaiovino.it\/fr\/?s={search_term_string}"},"query-input":{"@type":"PropertyValueSpecification","valueRequired":true,"valueName":"search_term_string"}}],"inLanguage":"fr-FR"}]}},"_links":{"self":[{"href":"https:\/\/www.silviaiovino.it\/fr\/wp-json\/wp\/v2\/pages\/1587","targetHints":{"allow":["GET"]}}],"collection":[{"href":"https:\/\/www.silviaiovino.it\/fr\/wp-json\/wp\/v2\/pages"}],"about":[{"href":"https:\/\/www.silviaiovino.it\/fr\/wp-json\/wp\/v2\/types\/page"}],"author":[{"embeddable":true,"href":"https:\/\/www.silviaiovino.it\/fr\/wp-json\/wp\/v2\/users\/3"}],"replies":[{"embeddable":true,"href":"https:\/\/www.silviaiovino.it\/fr\/wp-json\/wp\/v2\/comments?post=1587"}],"version-history":[{"count":1,"href":"https:\/\/www.silviaiovino.it\/fr\/wp-json\/wp\/v2\/pages\/1587\/revisions"}],"predecessor-version":[{"id":2786,"href":"https:\/\/www.silviaiovino.it\/fr\/wp-json\/wp\/v2\/pages\/1587\/revisions\/2786"}],"wp:attachment":[{"href":"https:\/\/www.silviaiovino.it\/fr\/wp-json\/wp\/v2\/media?parent=1587"}],"curies":[{"name":"wp","href":"https:\/\/api.w.org\/{rel}","templated":true}]}}