{"id":1606,"date":"2022-07-04T16:18:25","date_gmt":"2022-07-04T14:18:25","guid":{"rendered":"https:\/\/www.silviaiovino.it\/qui-suis-je\/"},"modified":"2022-07-11T13:04:03","modified_gmt":"2022-07-11T11:04:03","slug":"qui-suis-je","status":"publish","type":"page","link":"https:\/\/www.silviaiovino.it\/fr\/qui-suis-je\/","title":{"rendered":"Qui suis-je?"},"content":{"rendered":"<div class=\"wpb-content-wrapper\"><p>[vc_row css_animation=\u00a0\u00bb\u00a0\u00bb row_type=\u00a0\u00bbrow\u00a0\u00bb use_row_as_full_screen_section=\u00a0\u00bbno\u00a0\u00bb type=\u00a0\u00bbgrid\u00a0\u00bb angled_section=\u00a0\u00bbno\u00a0\u00bb text_align=\u00a0\u00bbcenter\u00a0\u00bb background_image_as_pattern=\u00a0\u00bbwithout_pattern\u00a0\u00bb padding_top=\u00a0\u00bb50&Prime; padding_bottom=\u00a0\u00bb80&Prime; z_index=\u00a0\u00bb\u00a0\u00bb css=\u00a0\u00bb.vc_custom_1596721770902{background-image: url(https:\/\/www.silviaiovino.it\/wp-content\/uploads\/2020\/07\/home-background-1.jpg?id=217) !important;background-position: center !important;background-repeat: no-repeat !important;background-size: cover !important;}\u00a0\u00bb][vc_column width=\u00a0\u00bb1\/2&Prime;][vc_column_text]<\/p>\n<ul>\n<li>Je m&rsquo;appelle <strong>Silvia Iovino<\/strong> et je suis guide conferenci\u00e8re qualifi\u00e9e de Florence et Prato en italien, fran\u00e7ais, anglais et russe.<\/li>\n<\/ul>\n<p>Quelques faits sur moi:<\/p>\n<ul>\n<li>J&rsquo;ai un baccalaur\u00e9at en langue et litt\u00e9rature russe<\/li>\n<li>J&rsquo;ai toujours aim\u00e9 voyager, mais c&rsquo;est sourtout apr\u00e8s mes \u00e9tudes universitaires que j&rsquo;ai visit\u00e9 l&rsquo;Europe et la Russie et j&rsquo;ai compris combien de r\u00e9sorces en termes d&rsquo;histoire, culture, mode, enogastronomie l&rsquo;Italie peut offrir aux visiteurs.<\/li>\n<li>Les langues \u00e9trang\u00e8res restent encore l&rsquo;une de mes grandes passions: pendant les ann\u00e9es j&rsquo;ai travaill\u00e9 comme interpr\u00e8te free-lance pour le Mus\u00e9e du Luxembourg et pour les d\u00e9legations int\u00e9rnationales visitant la Toscane.<\/li>\n<li>Je suis professeur de langue italienne pour \u00e9trangers dont j&rsquo;ai obtenu ma certification sp\u00e8cifique\u00a0 en 2016.<\/li>\n<li>Pendant mon temps libre j&rsquo;aime faire des promenades \u00e0 la campagne avec mon fid\u00e8le chien Turi et<\/li>\n<li>J&rsquo;adore\u00a0 les march\u00e9s des puces et le les brocantes, le vintage et les voitures de collection comme ma Fiat 500 avec la quelle j&rsquo;explore les collines toscanes \u00e0 la recherche d&rsquo;un bon verre de vin, s&rsquo;il y en a l&rsquo;opportunit\u00e9!<\/li>\n<\/ul>\n<p>[\/vc_column_text][\/vc_column][vc_column width=\u00a0\u00bb1\/2&Prime;][vc_single_image image=\u00a0\u00bb1607&Prime; img_size=\u00a0\u00bblarge\u00a0\u00bb alignment=\u00a0\u00bbcenter\u00a0\u00bb style=\u00a0\u00bbvc_box_circle_2&Prime; qode_css_animation=\u00a0\u00bb\u00a0\u00bb][\/vc_column][\/vc_row][vc_row css_animation=\u00a0\u00bb\u00a0\u00bb row_type=\u00a0\u00bbrow\u00a0\u00bb use_row_as_full_screen_section=\u00a0\u00bbno\u00a0\u00bb type=\u00a0\u00bbgrid\u00a0\u00bb angled_section=\u00a0\u00bbno\u00a0\u00bb text_align=\u00a0\u00bbcenter\u00a0\u00bb background_image_as_pattern=\u00a0\u00bbwithout_pattern\u00a0\u00bb padding_top=\u00a0\u00bb104&Prime; padding_bottom=\u00a0\u00bb94&Prime; z_index=\u00a0\u00bb\u00a0\u00bb][vc_column][vc_column_text]<br \/>\n<strong>Ce que les visiteurs disent de moi<\/strong><br \/>\n[\/vc_column_text]<div class='testimonials_c_holder clearfix dark'><div class=\"testimonials_c testimonials_c_carousel\" data-show-navigation=\"yes\" data-animation-speed=\"4000\" data-auto-rotate-slides=\"3\" data-number-per-slide=\"1\"><ul class=\"slides\"><li id=\"testimonials-c-1535\" class=\"testimonial_content\"><div class=\"testimonial_content_inner\"><div class=\"testimonial_text_holder\"><div class=\"testimonial_text_inner\" style=\"\"><p>Venerdi 28 giugno Silvia Iovino ci ha guidato per il centro di Prato con grande professionalit\u00e1 e competenza facendoci scoprire segreti affascinanti. Ringrazio ancora Silvia per la bella serata.<\/p><p class=\"testimonial_author\" style=\"\">Marta Cecchi<\/p><\/div><\/div><\/div><\/li><li id=\"testimonials-c-1525\" class=\"testimonial_content\"><div class=\"testimonial_content_inner\"><div class=\"testimonial_text_holder\"><div class=\"testimonial_text_inner\" style=\"\"><p>\u0415\u0441\u043b\u0438 \u0432\u044b \u0445\u043e\u0442\u0438\u0442\u0435 \u043f\u0440\u043e\u0432\u0435\u0441\u0442\u0438 \u0434\u0435\u043d\u044c \u0432\u043e \u0424\u043b\u043e\u0440\u0435\u043d\u0446\u0438\u0438 \u043f\u0440\u0438\u044f\u0442\u043d\u043e \u0438 \u0441 \u043f\u043e\u043b\u044c\u0437\u043e\u0439, \u0431\u0435\u0437 \u0441\u043e\u043c\u043d\u0435\u043d\u0438\u044f \u0432\u0430\u043c \u043d\u0443\u0436\u043d\u043e \u043f\u0440\u043e\u0432\u0435\u0441\u0442\u0438 \u0435\u0433\u043e \u0432 \u043e\u0431\u0449\u0435\u0441\u0442\u0432\u0435 \u0421\u0438\u043b\u044c\u0432\u0438\u0438. \u0421\u0438\u043b\u044c\u0432\u0438\u044f \u0444\u043b\u043e\u0440\u0435\u043d\u0442\u0438\u0439\u043a\u0430, \u043b\u044e\u0431\u0438\u0442 \u0438\u0441\u0442\u043e\u0440\u0438\u044e \u0438 \u043a\u0443\u043b\u044c\u0442\u0443\u0440\u0443 \u044d\u0442\u043e\u0433\u043e \u0433\u043e\u0440\u043e\u0434\u0430, \u0437\u043d\u0430\u0435\u0442 \u0438\u0445 \u0433\u043b\u0443\u0431\u043e\u043a\u043e \u0438 \u043e\u0445\u043e\u0442\u043d\u043e \u0434\u0435\u043b\u0438\u0442\u0441\u044f \u0441 \u0432\u0430\u043c\u0438 \u0441\u0432\u043e\u0438\u043c\u0438 \u043f\u043e\u0437\u043d\u0430\u043d\u0438\u044f\u043c\u0438. \u041a \u0442\u043e \u043c\u0443 \u0436\u0435 \u043e\u043d\u0430 \u043e\u0431\u0430\u044f\u0442\u0435\u043b\u044c\u043d\u0430\u044f, \u0438\u043d\u0442\u0435\u043b\u043b\u0438\u0433\u0435\u043d\u0442\u043d\u0430\u044f \u0436\u0435\u043d\u0449\u0438\u043d\u0430 \u0441 \u0445\u043e\u0440\u043e\u0448\u0438\u043c \u0447\u0443\u0432\u0441\u0442\u0432\u043e\u043c \u044e\u043c\u043e\u0440\u0430, \u043f\u0440\u0435\u0432\u043e\u0441\u0445\u043e\u0434\u043d\u043e \u0433\u043e\u0432\u043e\u0440\u0438\u0442 \u043f\u043e \u0440\u0443\u0441\u0441\u043a\u0438. \u0412\u043e\u0437\u043c\u043e\u0436\u043d\u043e \u0421\u0438\u043b\u044c\u0432\u0438\u044f \u043b\u0443\u0447\u0448\u0438\u0439 \u0433\u0438\u0434 \u0438\u0437 \u0442\u0435\u0445 \u0441 \u043a\u0435\u043c \u043c\u043d\u0435 \u043f\u0440\u0438\u0445\u043e\u0434\u0438\u043b\u043e\u0441\u044c \u0432\u0441\u0442\u0440\u0435\u0447\u0430\u0442\u044c\u0441\u044f. \u0415\u0441\u043b\u0438 \u0432\u044b \u043f\u043b\u0430\u043d\u0438\u0440\u0443\u0435\u0442\u0441\u044f \u043f\u043e\u0441\u0435\u0442\u0438\u0442\u044c \u0423\u0444\u0438\u0446\u0446\u0438 \u0438 \u0443 \u0432\u0430\u0441 \u043d\u0435\u0442 \u0441\u0432\u043e\u0431\u043e\u0434\u043d\u043e\u0439 \u043d\u0435\u0434\u0435\u043b\u0438 \u0434\u043b\u044f \u043e\u0441\u043c\u043e\u0442\u0440\u0430 \u0432\u0441\u0435\u0439 \u044d\u043a\u0441\u043f\u043e\u0437\u0438\u0446\u0438\u0438, \u043d\u0435\u043f\u0440\u0435\u043c\u0435\u043d\u043d\u043e \u043f\u043e\u0439\u0434\u0438\u0442\u0435 \u0442\u0443\u0434\u0430 \u0441 \u0421\u0438\u043b\u044c\u0432\u0438\u0435\u0439. \u041e\u043d\u0430 \u043f\u0440\u043e\u0432\u0435\u0434\u0435\u0442 \u0432\u0430\u0441 \u043f\u043e \u0433\u0430\u043b\u0435\u0440\u0435\u0435 \u0441 \u0443\u0447\u0435\u0442\u043e\u043c \u0432\u0430\u0448\u0438\u0445 \u0438\u043d\u0442\u0435\u0440\u0435\u0441\u043e\u0432 \u0438 \u0441\u043e\u043f\u0440\u043e\u0432\u043e\u0434\u0438\u0442 \u043e\u0441\u043c\u043e\u0442\u0440 \u0448\u0435\u0434\u0435\u0432\u0440\u043e\u0432 \u0443\u0432\u043b\u0435\u043a\u0430\u0442\u0435\u043b\u044c\u043d\u044b\u043c\u0438 \u043a\u043e\u043c\u043c\u0435\u043d\u0442\u0430\u0440\u0438\u044f\u043c\u0438. \u0421\u0438\u043b\u044c\u0432\u0438\u044f, \u0441\u043f\u0430\u0441\u0438\u0431\u043e \u0412\u0430\u043c! \u041d\u0430\u0434\u0435\u044e\u0441\u044c \u0432\u043d\u043e\u0432\u044c \u0432\u043e\u0441\u043f\u043e\u043b\u044c\u0437\u043e\u0432\u0430\u0442\u044c\u0441\u044f \u0432\u0430\u0448\u0435\u0439 \u043f\u043e\u043c\u043e\u0449\u044c\u044e \u043f\u0440\u0438 \u0441\u043b\u0435\u0434\u0443\u044e\u0449\u0435\u043c \u043f\u043e\u0441\u0435\u0449\u0435\u043d\u0438\u0438 \u0432\u0430\u0448\u0435\u0433\u043e \u043f\u0440\u0435\u043a\u0440\u0430\u0441\u043d\u043e\u0433\u043e \u0433\u043e\u0440\u043e\u0434\u0430.<\/p><p class=\"testimonial_author\" style=\"\">H\u0435\u0442\u0440 Agres<\/p><\/div><\/div><\/div><\/li><li id=\"testimonials-c-1527\" class=\"testimonial_content\"><div class=\"testimonial_content_inner\"><div class=\"testimonial_text_holder\"><div class=\"testimonial_text_inner\" style=\"\"><p>Silvia est une jeune femme chaleureuse et dynamique, qui offre un service de de traduction d'un grand professionnalisme et qui partage ses connaissances de la culture italienne avec enthousiasme. J'espere que tout va bien pour toi, malgre les difficultes liees a la crise economique. Bien a toi,<\/p><p class=\"testimonial_author\" style=\"\">Anne Eschapasse<\/p><\/div><\/div><\/div><\/li><li id=\"testimonials-c-1531\" class=\"testimonial_content\"><div class=\"testimonial_content_inner\"><div class=\"testimonial_text_holder\"><div class=\"testimonial_text_inner\" style=\"\"><p>(\u0438\u043d\u0434\u0438\u0432\u0438\u0434\u0443\u0430\u043b\u044c\u043d\u044b\u0439 \u043f\u0443\u0442\u0435\u0448\u0435\u0441\u0442\u0432\u0435\u043d\u043d\u0438\u043a, 1 \u0447\u0435\u043b\u043e\u0432\u0435\u043a) \u0414\u0430\u0436\u0435 \u0436\u0443\u0442\u043a\u0438\u0439 \u043b\u0438\u0432\u0435\u043d\u044c \u043d\u0435 \u0441\u043c\u043e\u0433 \u0438\u0441\u043f\u043e\u0440\u0442\u0438\u0442\u044c \u043f\u0440\u0435\u043a\u0440\u0430\u0441\u043d\u043e\u0439 \u043f\u0440\u043e\u0433\u0443\u043b\u043a\u0438 \u043f\u043e \u043d\u0435\u0432\u0435\u0440\u043e\u044f\u0442\u043d\u043e \u043a\u0440\u0430\u0441\u0438\u0432\u043e\u043c\u0443 \u043c\u0443\u0437\u0435\u044e \u043f\u043e\u0434 \u043e\u0442\u043a\u0440\u044b\u0442\u044b\u043c \u043d\u0435\u0431\u043e\u043c \u0432 \u0441\u043e\u043f\u0440\u043e\u0432\u043e\u0436\u0434\u0435\u043d\u0438\u0438 \u0421\u0438\u043b\u044c\u0432\u0438\u0438, \u043f\u0440\u043e\u0444\u0435\u0441\u0441\u0438\u043e\u043d\u0430\u043b\u044c\u043d\u043e\u0433\u043e \u0433\u0438\u0434\u0430 \u0438 \u043e\u0447\u0430\u0440\u043e\u0432\u0430\u0442\u0435\u043b\u044c\u043d\u043e\u0439 \u0436\u0435\u043d\u0449\u0438\u043d\u044b \u0441 \u043f\u0440\u0435\u043a\u0440\u0430\u0441\u043d\u044b\u043c \u0447\u0443\u0432\u0441\u0442\u0432\u043e\u043c \u044e\u043c\u043e\u0440\u0430. \u041f\u043e\u0440\u0430\u0437\u0438\u0442\u0435\u043b\u044c\u043d\u043e\u0435 \u0437\u043d\u0430\u043d\u0438\u0435 \u0438\u0441\u0442\u043e\u0440\u0438\u0438, \u0443\u043c\u0435\u043d\u0438\u0435 \u043f\u0440\u0435\u043f\u043e\u0434\u0430\u0442\u044c \u043c\u0430\u0442\u0435\u0440\u0438\u0430\u043b \u0442\u0430\u043a, \u0447\u0442\u043e\u0431\u044b \u043e\u043d \u0437\u0430\u043f\u043e\u043c\u043d\u0438\u043b\u0441\u044f, \u043e\u0442\u043b\u0438\u0447\u043d\u043e\u0435 \u0432\u043b\u0430\u0434\u0435\u043d\u0438\u0435 \u0440\u0443\u0441\u0441\u043a\u0438\u043c \u044f\u0437\u044b\u043a\u043e\u043c, \u043d\u0435\u0432\u0435\u0440\u043e\u044f\u0442\u043d\u044b\u0439 \u044d\u043d\u0442\u0443\u0437\u0438\u0430\u0437\u043c! \u041e\u0431\u044f\u0437\u0430\u0442\u0435\u043b\u044c\u043d\u043e \u0431\u0443\u0434\u0443 \u0440\u0435\u043a\u043e\u043c\u0435\u043d\u0434\u043e\u0432\u0430\u0442\u044c \u0421\u0438\u043b\u044c\u0432\u0438\u044e \u0432 \u043a\u0430\u0447\u0435\u0441\u0442\u0432\u0435 \u0433\u0438\u0434\u0430 \u043f\u043e \u0424\u043b\u043e\u0440\u0435\u043d\u0446\u0438\u0438.<\/p><p class=\"testimonial_author\" style=\"\">Sycheva Ekaterina<\/p><\/div><\/div><\/div><\/li><li id=\"testimonials-c-1533\" class=\"testimonial_content\"><div class=\"testimonial_content_inner\"><div class=\"testimonial_text_holder\"><div class=\"testimonial_text_inner\" style=\"\"><p>Silvia, Je tiens a vous remercier pour cet excellent sejour. Tous les experts etaient tres heureux; ce fut une veritable reussite. Pour les photos, je sais qu'il y en a deja sur PICASA mot de passe \"ph cnes\". Je vais a Paris demain, je demanderai a Alexandra, sinon je vous en enverrai dans quelques temps. Je conserve votre adresse pour la suite, eventuellement: Sienne et la Toscane en 2013. Pourquoi pas? En tout cas j'ai ete tres heureux de faire votre connaissance.\r\nGrazie per tutto. Cordiali saluti.<\/p><p class=\"testimonial_author\" style=\"\">Marc Tastet<\/p><\/div><\/div><\/div><\/li><li id=\"testimonials-c-1911\" class=\"testimonial_content\"><div class=\"testimonial_content_inner\"><div class=\"testimonial_text_holder\"><div class=\"testimonial_text_inner\" style=\"\"><p>J\u2019ai eu le privil\u00e8ge d\u2019avoir Silvia Iovino comme guide dans un voyage \u00e0 Florence. Quelle femme merveilleuse! \u00c9l\u00e9gante, souriante, capable de s\u2019exprimer dans un fran\u00e7ais de haut niveau (et en plusieurs autres langues \u00e9galement), Silvia partage son grand bagage de connaissances avec un plaisir \u00e9vident. \u00c9rudite, elle est capable de partager ses connaissances avec un public de n\u00e9ophytes en mati\u00e8re d\u2019art, d\u2019histoire et de culture italienne, ce qui bonifie notre exp\u00e9rience. J\u2019ai retenu de nouveau ses services, cette fois \u00e0 Milan, et elle a veill\u00e9 \u00e0 l\u2019organisation du programme, des visites, de l'achat de billets avec un grand professionnalisme.  Je la recommande vivement!<\/p><p class=\"testimonial_author\" style=\"\">H\u00e9l\u00e8ne Laurendeau, Canada - Ottobre 2022<\/p><\/div><\/div><\/div><\/li><li id=\"testimonials-c-1529\" class=\"testimonial_content\"><div class=\"testimonial_content_inner\"><div class=\"testimonial_text_holder\"><div class=\"testimonial_text_inner\" style=\"\"><p>\u0418\u044e\u043b\u044c 2013 - \u041f\u0440\u0435\u0432\u043e\u0441\u0445\u043e\u0434\u043d\u044b\u0439 \u0433\u0438\u0434! \u0420\u0435\u043a\u043e\u043c\u0435\u043d\u0434\u0443\u044e! \u041e\u0442\u043b\u0438\u0447\u043d\u043e \u0433\u043e\u0432\u043e\u0440\u0438\u0442 \u043d\u0430 \u0440\u0443\u0441\u0441\u043a\u043e\u043c \u044f\u0437\u044b\u043a\u0435, \u043e\u0447\u0435\u043d\u044c \u0438\u043d\u0442\u0435\u0440\u0435\u0441\u043d\u043e \u043f\u0440\u0435\u043f\u043e\u0434\u043d\u043e\u0441\u0438\u0442 \u0438\u0441\u0442\u043e\u0440\u0438\u044e \u0424\u043b\u043e\u0440\u0435\u043d\u0446\u0438. \u041e\u0447\u0435\u043d\u044c \u0445\u043e\u0440\u043e\u0448\u0435\u0435 \u0437\u043d\u0430\u043d\u0438\u0435 \u0438\u0441\u0442\u043e\u0440\u0438\u0438 \u0438\u0441\u043a\u0443\u0441\u0441\u0442\u0432\u0430, \u0430\u0440\u0445\u0438\u0442\u0435\u043a\u0442\u0443\u0440\u044b, \u0438\u0441\u0442\u043e\u0440\u0438\u0438. \u041e\u0447\u0435\u043d\u044c \u0432\u0435\u0436\u043b\u0438\u0432\u0430 \u0438 \u043f\u0443\u043d\u043a\u0442\u0443\u0430\u043b\u044c\u043d\u0430. \u041e\u0442\u0432\u0435\u0447\u0430\u0435\u0442 \u043f\u0440\u0430\u043a\u0442\u0438\u0447\u0435\u0441\u043a\u0438 \u043d\u043d\u0430 \u043b\u044e\u0431\u043e\u0439 \u0432\u043e\u043f\u0440\u043e\u0441. \u0412 \u0441\u043b\u0435\u0434\u0443\u044e\u0449\u0438\u0439 \u0440\u0430\u0437 \u043e\u0431\u044f\u0437\u0430\u0442\u0435\u043b\u044c\u043d\u043e \u043f\u043e\u0432\u0442\u043e\u0440\u0438\u043c \u044d\u043a\u0441\u043a\u0443\u0440\u0441\u0438\u044e \u0434\u043b\u044f \u0437\u0430\u043a\u0440\u0435\u043f\u043b\u0435\u043d\u0438\u044f. \u0421\u0438\u043b\u044c\u0432\u0438\u044f! \u041f\u0440\u0438\u0432\u0435\u0442 \u0438 \u0435\u0449\u0435 \u0440\u0430\u0437 \u0441\u043f\u0430\u0441\u0438\u0431\u043e! \u0410 \u0432\u0441\u0435-\u0442\u0430\u043a\u0438 \u043d\u0435 \u0437\u0440\u044f \u043f\u0430\u0440\u0438\u043a \u043d\u0430 \u043e\u0434\u043d\u043e\u043c \u0438\u0437 \u0441\u0435\u043c\u0435\u0439\u0441\u0442\u0432\u0430 \u041c\u0435\u0434\u0438\u0447\u0438;-)<\/p><p class=\"testimonial_author\" style=\"\">Gavrilov Evgeni<\/p><\/div><\/div><\/div><\/li><\/ul><\/div><\/div>[\/vc_column][\/vc_row][vc_row css_animation=\u00a0\u00bb\u00a0\u00bb row_type=\u00a0\u00bbrow\u00a0\u00bb use_row_as_full_screen_section=\u00a0\u00bbno\u00a0\u00bb type=\u00a0\u00bbfull_width\u00a0\u00bb angled_section=\u00a0\u00bbno\u00a0\u00bb text_align=\u00a0\u00bbcenter\u00a0\u00bb background_image_as_pattern=\u00a0\u00bbwithout_pattern\u00a0\u00bb padding_top=\u00a0\u00bb46&Prime; css=\u00a0\u00bb.vc_custom_1595492731486{padding-bottom: 20% !important;background-image: url(https:\/\/www.silviaiovino.it\/wp-content\/uploads\/2020\/07\/footer-florence.jpg?id=185) !important;background-position: center !important;background-repeat: no-repeat !important;background-size: cover !important;}\u00a0\u00bb z_index=\u00a0\u00bb\u00a0\u00bb][vc_column][\/vc_column][\/vc_row]<\/p>\n<\/div>","protected":false},"excerpt":{"rendered":"<p>[vc_row css_animation=\u00a0\u00bb\u00a0\u00bb row_type=\u00a0\u00bbrow\u00a0\u00bb use_row_as_full_screen_section=\u00a0\u00bbno\u00a0\u00bb type=\u00a0\u00bbgrid\u00a0\u00bb angled_section=\u00a0\u00bbno\u00a0\u00bb text_align=\u00a0\u00bbcenter\u00a0\u00bb background_image_as_pattern=\u00a0\u00bbwithout_pattern\u00a0\u00bb padding_top=\u00a0\u00bb50&Prime; padding_bottom=\u00a0\u00bb80&Prime; z_index=\u00a0\u00bb\u00a0\u00bb css=\u00a0\u00bb.vc_custom_1596721770902{background-image: url(https:\/\/www.silviaiovino.it\/wp-content\/uploads\/2020\/07\/home-background-1.jpg?id=217) !important;background-position: center !important;background-repeat: no-repeat !important;background-size: cover !important;}\u00a0\u00bb][vc_column width=\u00a0\u00bb1\/2&Prime;][vc_column_text] Je m&rsquo;appelle Silvia Iovino et je suis guide conferenci\u00e8re qualifi\u00e9e de Florence et Prato en italien, fran\u00e7ais, anglais et russe. Quelques faits sur moi:&#8230;<\/p>\n","protected":false},"author":3,"featured_media":0,"parent":0,"menu_order":0,"comment_status":"closed","ping_status":"closed","template":"full_width.php","meta":{"footnotes":""},"class_list":["post-1606","page","type-page","status-publish","hentry"],"yoast_head":"<!-- This site is optimized with the Yoast SEO plugin v27.5 - https:\/\/yoast.com\/product\/yoast-seo-wordpress\/ -->\n<title>Guide touristique \u00e0 Florence et \u00e0 Prato: visites guid\u00e9es - Silvia Iovino<\/title>\n<meta name=\"description\" content=\"Visitez Florence avec quelqu&#039;un qui la conna\u00eet vraiment! Je m&#039;appelle Silvia Iovino et je conduis les visiteurs \u00e0 la d\u00e9couverte de la ville gr\u00e2ce \u00e0 mes tours guid\u00e9s.\" \/>\n<meta name=\"robots\" content=\"index, follow, max-snippet:-1, max-image-preview:large, max-video-preview:-1\" \/>\n<link rel=\"canonical\" href=\"https:\/\/www.silviaiovino.it\/fr\/qui-suis-je\/\" \/>\n<meta property=\"og:locale\" content=\"fr_FR\" \/>\n<meta property=\"og:type\" content=\"article\" \/>\n<meta property=\"og:title\" content=\"Guide touristique \u00e0 Florence et \u00e0 Prato: visites guid\u00e9es - Silvia Iovino\" \/>\n<meta property=\"og:description\" content=\"Visitez Florence avec quelqu&#039;un qui la conna\u00eet vraiment! Je m&#039;appelle Silvia Iovino et je conduis les visiteurs \u00e0 la d\u00e9couverte de la ville gr\u00e2ce \u00e0 mes tours guid\u00e9s.\" \/>\n<meta property=\"og:url\" content=\"https:\/\/www.silviaiovino.it\/fr\/qui-suis-je\/\" \/>\n<meta property=\"og:site_name\" content=\"Silvia Iovino\" \/>\n<meta property=\"article:modified_time\" content=\"2022-07-11T11:04:03+00:00\" \/>\n<meta name=\"twitter:card\" content=\"summary_large_image\" \/>\n<meta name=\"twitter:label1\" content=\"Dur\u00e9e de lecture estim\u00e9e\" \/>\n\t<meta name=\"twitter:data1\" content=\"2 minutes\" \/>\n<script type=\"application\/ld+json\" class=\"yoast-schema-graph\">{\"@context\":\"https:\\\/\\\/schema.org\",\"@graph\":[{\"@type\":\"WebPage\",\"@id\":\"https:\\\/\\\/www.silviaiovino.it\\\/fr\\\/qui-suis-je\\\/\",\"url\":\"https:\\\/\\\/www.silviaiovino.it\\\/fr\\\/qui-suis-je\\\/\",\"name\":\"Guide touristique \u00e0 Florence et \u00e0 Prato: visites guid\u00e9es - Silvia Iovino\",\"isPartOf\":{\"@id\":\"https:\\\/\\\/www.silviaiovino.it\\\/fr\\\/#website\"},\"datePublished\":\"2022-07-04T14:18:25+00:00\",\"dateModified\":\"2022-07-11T11:04:03+00:00\",\"description\":\"Visitez Florence avec quelqu'un qui la conna\u00eet vraiment! Je m'appelle Silvia Iovino et je conduis les visiteurs \u00e0 la d\u00e9couverte de la ville gr\u00e2ce \u00e0 mes tours guid\u00e9s.\",\"breadcrumb\":{\"@id\":\"https:\\\/\\\/www.silviaiovino.it\\\/fr\\\/qui-suis-je\\\/#breadcrumb\"},\"inLanguage\":\"fr-FR\",\"potentialAction\":[{\"@type\":\"ReadAction\",\"target\":[\"https:\\\/\\\/www.silviaiovino.it\\\/fr\\\/qui-suis-je\\\/\"]}]},{\"@type\":\"BreadcrumbList\",\"@id\":\"https:\\\/\\\/www.silviaiovino.it\\\/fr\\\/qui-suis-je\\\/#breadcrumb\",\"itemListElement\":[{\"@type\":\"ListItem\",\"position\":1,\"name\":\"Home\",\"item\":\"https:\\\/\\\/www.silviaiovino.it\\\/fr\\\/\"},{\"@type\":\"ListItem\",\"position\":2,\"name\":\"Qui suis-je?\"}]},{\"@type\":\"WebSite\",\"@id\":\"https:\\\/\\\/www.silviaiovino.it\\\/fr\\\/#website\",\"url\":\"https:\\\/\\\/www.silviaiovino.it\\\/fr\\\/\",\"name\":\"Silvia Iovino\",\"description\":\"Guida Turistica per Firenze, Prato e Dintorni\",\"potentialAction\":[{\"@type\":\"SearchAction\",\"target\":{\"@type\":\"EntryPoint\",\"urlTemplate\":\"https:\\\/\\\/www.silviaiovino.it\\\/fr\\\/?s={search_term_string}\"},\"query-input\":{\"@type\":\"PropertyValueSpecification\",\"valueRequired\":true,\"valueName\":\"search_term_string\"}}],\"inLanguage\":\"fr-FR\"}]}<\/script>\n<!-- \/ Yoast SEO plugin. -->","yoast_head_json":{"title":"Guide touristique \u00e0 Florence et \u00e0 Prato: visites guid\u00e9es - Silvia Iovino","description":"Visitez Florence avec quelqu'un qui la conna\u00eet vraiment! Je m'appelle Silvia Iovino et je conduis les visiteurs \u00e0 la d\u00e9couverte de la ville gr\u00e2ce \u00e0 mes tours guid\u00e9s.","robots":{"index":"index","follow":"follow","max-snippet":"max-snippet:-1","max-image-preview":"max-image-preview:large","max-video-preview":"max-video-preview:-1"},"canonical":"https:\/\/www.silviaiovino.it\/fr\/qui-suis-je\/","og_locale":"fr_FR","og_type":"article","og_title":"Guide touristique \u00e0 Florence et \u00e0 Prato: visites guid\u00e9es - Silvia Iovino","og_description":"Visitez Florence avec quelqu'un qui la conna\u00eet vraiment! Je m'appelle Silvia Iovino et je conduis les visiteurs \u00e0 la d\u00e9couverte de la ville gr\u00e2ce \u00e0 mes tours guid\u00e9s.","og_url":"https:\/\/www.silviaiovino.it\/fr\/qui-suis-je\/","og_site_name":"Silvia Iovino","article_modified_time":"2022-07-11T11:04:03+00:00","twitter_card":"summary_large_image","twitter_misc":{"Dur\u00e9e de lecture estim\u00e9e":"2 minutes"},"schema":{"@context":"https:\/\/schema.org","@graph":[{"@type":"WebPage","@id":"https:\/\/www.silviaiovino.it\/fr\/qui-suis-je\/","url":"https:\/\/www.silviaiovino.it\/fr\/qui-suis-je\/","name":"Guide touristique \u00e0 Florence et \u00e0 Prato: visites guid\u00e9es - Silvia Iovino","isPartOf":{"@id":"https:\/\/www.silviaiovino.it\/fr\/#website"},"datePublished":"2022-07-04T14:18:25+00:00","dateModified":"2022-07-11T11:04:03+00:00","description":"Visitez Florence avec quelqu'un qui la conna\u00eet vraiment! Je m'appelle Silvia Iovino et je conduis les visiteurs \u00e0 la d\u00e9couverte de la ville gr\u00e2ce \u00e0 mes tours guid\u00e9s.","breadcrumb":{"@id":"https:\/\/www.silviaiovino.it\/fr\/qui-suis-je\/#breadcrumb"},"inLanguage":"fr-FR","potentialAction":[{"@type":"ReadAction","target":["https:\/\/www.silviaiovino.it\/fr\/qui-suis-je\/"]}]},{"@type":"BreadcrumbList","@id":"https:\/\/www.silviaiovino.it\/fr\/qui-suis-je\/#breadcrumb","itemListElement":[{"@type":"ListItem","position":1,"name":"Home","item":"https:\/\/www.silviaiovino.it\/fr\/"},{"@type":"ListItem","position":2,"name":"Qui suis-je?"}]},{"@type":"WebSite","@id":"https:\/\/www.silviaiovino.it\/fr\/#website","url":"https:\/\/www.silviaiovino.it\/fr\/","name":"Silvia Iovino","description":"Guida Turistica per Firenze, Prato e Dintorni","potentialAction":[{"@type":"SearchAction","target":{"@type":"EntryPoint","urlTemplate":"https:\/\/www.silviaiovino.it\/fr\/?s={search_term_string}"},"query-input":{"@type":"PropertyValueSpecification","valueRequired":true,"valueName":"search_term_string"}}],"inLanguage":"fr-FR"}]}},"_links":{"self":[{"href":"https:\/\/www.silviaiovino.it\/fr\/wp-json\/wp\/v2\/pages\/1606","targetHints":{"allow":["GET"]}}],"collection":[{"href":"https:\/\/www.silviaiovino.it\/fr\/wp-json\/wp\/v2\/pages"}],"about":[{"href":"https:\/\/www.silviaiovino.it\/fr\/wp-json\/wp\/v2\/types\/page"}],"author":[{"embeddable":true,"href":"https:\/\/www.silviaiovino.it\/fr\/wp-json\/wp\/v2\/users\/3"}],"replies":[{"embeddable":true,"href":"https:\/\/www.silviaiovino.it\/fr\/wp-json\/wp\/v2\/comments?post=1606"}],"version-history":[{"count":0,"href":"https:\/\/www.silviaiovino.it\/fr\/wp-json\/wp\/v2\/pages\/1606\/revisions"}],"wp:attachment":[{"href":"https:\/\/www.silviaiovino.it\/fr\/wp-json\/wp\/v2\/media?parent=1606"}],"curies":[{"name":"wp","href":"https:\/\/api.w.org\/{rel}","templated":true}]}}