{"id":1720,"date":"2022-07-08T19:03:53","date_gmt":"2022-07-08T17:03:53","guid":{"rendered":"http:\/\/www.silviaiovino.it\/tarif\/"},"modified":"2025-02-15T17:28:33","modified_gmt":"2025-02-15T16:28:33","slug":"tarif","status":"publish","type":"page","link":"https:\/\/www.silviaiovino.it\/fr\/tarif\/","title":{"rendered":"Tarif"},"content":{"rendered":"<div class=\"wpb-content-wrapper\"><p>[vc_row css_animation=\u00a0\u00bb\u00a0\u00bb row_type=\u00a0\u00bbrow\u00a0\u00bb use_row_as_full_screen_section=\u00a0\u00bbno\u00a0\u00bb type=\u00a0\u00bbgrid\u00a0\u00bb angled_section=\u00a0\u00bbno\u00a0\u00bb text_align=\u00a0\u00bbleft\u00a0\u00bb background_image_as_pattern=\u00a0\u00bbwithout_pattern\u00a0\u00bb padding_top=\u00a0\u00bb50&Prime; padding_bottom=\u00a0\u00bb80&Prime; z_index=\u00a0\u00bb\u00a0\u00bb css=\u00a0\u00bb.vc_custom_1596721937679{background-image: url(http:\/\/www.silviaiovino.it\/wp-content\/uploads\/2020\/07\/home-background-1.jpg?id=217) !important;background-position: center !important;background-repeat: no-repeat !important;background-size: cover !important;}\u00a0\u00bb][vc_column][vc_column_text css=\u00a0\u00bb\u00a0\u00bb]<\/p>\n<div class=\"fes4-title-cont\">\n<h3>TOUR<\/h3>\n<p><strong>INFORMATIONS POUR R\u00c9SERVER UNE VISITE GUID\u00c9E :<\/strong>.<br \/>\nLes tarifs pour une visite guid\u00e9e \u00e0 Florence ou Prato sont les suivants :<br \/>\n<strong>Individuels jusqu&rsquo;\u00e0 8 personnes<\/strong> 225,00 \u20ac pour <em>3 heures<\/em> de visite (demi-journ\u00e9e) ; 420,00 \u20ac pour <em>6 heures<\/em> de visite (journ\u00e9e compl\u00e8te + une heure pour la pause d\u00e9jeuner).<br \/>\n<strong>Pour les groupes de 9 \u00e0 20 personnes<\/strong>\u00a0210,00 \u20ac pour <em>3 heures<\/em> de visite (demi-journ\u00e9e) ; 420,00 \u20ac pour <em>6 heures<\/em> de visite (journ\u00e9e compl\u00e8te + une heure pour la pause d\u00e9jeuner).<br \/>\nLes heures suppl\u00e9mentaires sont \u00e0 convenir directement.<br \/>\nLes tarifs indiqu\u00e9s <strong>n&rsquo;incluent pas<\/strong> les billets d&rsquo;entr\u00e9e ou autres extras qui seront pay\u00e9s directement sur place.<br \/>\n<strong>Groupes pr\u00e9constitu\u00e9s :<\/strong>\u00a0pour associations, entreprises, \u00e9v\u00e9nements, groupes d&rsquo;amis.<br \/>\nPour les <u>\u00e9coles<\/u>, des visites guid\u00e9es avec commentaire et explication des \u0153uvres et participation active des \u00e9tudiants sont pr\u00e9vues au co\u00fbt de 150,00 \u20ac pour 2 heures de visite guid\u00e9e et un maximum de 25 participants.<br \/>\nPour toutes les informations, vous pouvez m&rsquo;\u00e9crire \u00e0 <strong><a href=\"mailto:info@silviaiovino.it\">info@silviaiovino.it<\/a><\/strong><br \/>\n<strong><u>Modalit\u00e9s de paiement<\/u> :<\/strong><br \/>\nLe paiement peut \u00eatre effectu\u00e9 via le syst\u00e8me automatique du site ou via Paypal. Les prix des visites sont \u00e0 consid\u00e9rer <strong>en euros<\/strong>.<br \/>\n<u>Une \u00e9ventuelle annulation du service doit \u00eatre envoy\u00e9e par mail \u00e0 l&rsquo;adresse :<\/u><br \/>\n<a href=\"mailto:info@silviaiovino.it\">info@silviaiovino.it<\/a> au moins <strong>15 jours<\/strong> avant la date de la visite.<br \/>\n<u>Une \u00e9ventuelle annulation du service doit \u00eatre envoy\u00e9e par mail \u00e0 l&rsquo;adresse : info@silviaiovino.it\u00a0<\/u><br \/>\nL&rsquo;annulation communiqu\u00e9e dans les 7 jours pr\u00e9c\u00e9dant la date entra\u00eenera le paiement de <u>50%<\/u> du tarif convenu ; si l&rsquo;annulation n&rsquo;est pas effectu\u00e9e dans les 7 jours pr\u00e9c\u00e9dents ou en cas de \u00ab\u00a0no show\u00a0\u00bb, le paiement sera de <u>100%<\/u> du montant du tarif convenu.<\/p>\n<\/div>\n<p>[\/vc_column_text][\/vc_column][\/vc_row][vc_row css_animation=\u00a0\u00bb\u00a0\u00bb row_type=\u00a0\u00bbrow\u00a0\u00bb use_row_as_full_screen_section=\u00a0\u00bbno\u00a0\u00bb type=\u00a0\u00bbgrid\u00a0\u00bb angled_section=\u00a0\u00bbno\u00a0\u00bb text_align=\u00a0\u00bbleft\u00a0\u00bb background_image_as_pattern=\u00a0\u00bbwithout_pattern\u00a0\u00bb padding_top=\u00a0\u00bb151&Prime; padding_bottom=\u00a0\u00bb81&Prime; z_index=\u00a0\u00bb\u00a0\u00bb css=\u00a0\u00bb.vc_custom_1595502078898{background-position: center !important;background-repeat: no-repeat !important;background-size: cover !important;}\u00a0\u00bb][vc_column width=\u00a0\u00bb1\/2&Prime;][vc_column_text]<\/p>\n<h2>TRADUCTIONS ASSERMENT\u00c9ES ET<\/h2>\n<h2>INTERPR\u00c9TATION<\/h2>\n<p>Russe-italien, fran\u00e7ais-italien, anglais-italien, allemand-italien.<\/p>\n<p>Traduction professionnelle de qualit\u00e9<\/p>\n<p>Contactez Silvia Iovino pour un d\u00e9vis gratuit sur l&#8217;email info@silviaiovino.it<\/p>\n<p>&nbsp;<\/p>\n<p>&nbsp;<br \/>\n[\/vc_column_text][\/vc_column][vc_column width=\u00a0\u00bb1\/2&Prime;][vc_column_text]<br \/>\n<strong>LANGUE ITALIENNE POUR<\/strong><\/p>\n<p><strong>\u00c9TRANGERS<\/strong><\/p>\n<p>vous voulez apprendre la lagune italienne? vous \u00e9tudiez la langue italienne? vous \u00eates un chanteur\/une chanteuse d&rsquo;op\u00e9ra et voulez am\u00e9liorer votre prononciation de la langue italienne?<\/p>\n<p>Veuillez contacter Silvia Iovino qui est professeur qualifi\u00e9 de langue italienne pour \u00e9trangers (certification CEDILS Univesit\u00e0 Ca&rsquo; Foscari, Venezia) sur l&rsquo;adresse suivante: info@silviaiovino.it<br \/>\n[\/vc_column_text][\/vc_column][\/vc_row][vc_row css_animation=\u00a0\u00bb\u00a0\u00bb row_type=\u00a0\u00bbrow\u00a0\u00bb use_row_as_full_screen_section=\u00a0\u00bbno\u00a0\u00bb type=\u00a0\u00bbfull_width\u00a0\u00bb angled_section=\u00a0\u00bbno\u00a0\u00bb text_align=\u00a0\u00bbcenter\u00a0\u00bb background_image_as_pattern=\u00a0\u00bbwithout_pattern\u00a0\u00bb padding_top=\u00a0\u00bb155&Prime; css=\u00a0\u00bb.vc_custom_1595493272493{padding-bottom: 20% !important;background-image: url(http:\/\/www.silviaiovino.it\/wp-content\/uploads\/2020\/07\/footer-florence.jpg?id=185) !important;background-position: center !important;background-repeat: no-repeat !important;background-size: cover !important;}\u00a0\u00bb z_index=\u00a0\u00bb\u00a0\u00bb][vc_column][\/vc_column][\/vc_row]<\/p>\n<\/div>","protected":false},"excerpt":{"rendered":"<p>[vc_row css_animation=\u00a0\u00bb\u00a0\u00bb row_type=\u00a0\u00bbrow\u00a0\u00bb use_row_as_full_screen_section=\u00a0\u00bbno\u00a0\u00bb type=\u00a0\u00bbgrid\u00a0\u00bb angled_section=\u00a0\u00bbno\u00a0\u00bb text_align=\u00a0\u00bbleft\u00a0\u00bb background_image_as_pattern=\u00a0\u00bbwithout_pattern\u00a0\u00bb padding_top=\u00a0\u00bb50&Prime; padding_bottom=\u00a0\u00bb80&Prime; z_index=\u00a0\u00bb\u00a0\u00bb css=\u00a0\u00bb.vc_custom_1596721937679{background-image: url(http:\/\/www.silviaiovino.it\/wp-content\/uploads\/2020\/07\/home-background-1.jpg?id=217) !important;background-position: center !important;background-repeat: no-repeat !important;background-size: cover !important;}\u00a0\u00bb][vc_column][vc_column_text css=\u00a0\u00bb\u00a0\u00bb] TOUR INFORMATIONS POUR R\u00c9SERVER UNE VISITE GUID\u00c9E :. Les tarifs pour une visite guid\u00e9e \u00e0 Florence ou Prato sont les suivants : Individuels jusqu&rsquo;\u00e0&#8230;<\/p>\n","protected":false},"author":3,"featured_media":0,"parent":0,"menu_order":0,"comment_status":"closed","ping_status":"closed","template":"full_width.php","meta":{"footnotes":""},"class_list":["post-1720","page","type-page","status-publish","hentry"],"yoast_head":"<!-- This site is optimized with the Yoast SEO plugin v27.4 - https:\/\/yoast.com\/product\/yoast-seo-wordpress\/ -->\n<title>Tarif tours guid\u00e9s<\/title>\n<meta name=\"description\" content=\"Tours guid\u00e9s \u00e0 Florence \u00e0 partir de 35 \u20ac\/personne et individuelles \u00e0 225\u20ac\/personne. R\u00e9servez d\u00e8s maintenant votre exp\u00e9rience riche en \u00e9motions avec un guide autoris\u00e9.\" \/>\n<meta name=\"robots\" content=\"index, follow, max-snippet:-1, max-image-preview:large, max-video-preview:-1\" \/>\n<link rel=\"canonical\" href=\"https:\/\/www.silviaiovino.it\/fr\/tarif\/\" \/>\n<meta property=\"og:locale\" content=\"fr_FR\" \/>\n<meta property=\"og:type\" content=\"article\" \/>\n<meta property=\"og:title\" content=\"Tarif tours guid\u00e9s\" \/>\n<meta property=\"og:description\" content=\"Tours guid\u00e9s \u00e0 Florence \u00e0 partir de 35 \u20ac\/personne et individuelles \u00e0 225\u20ac\/personne. R\u00e9servez d\u00e8s maintenant votre exp\u00e9rience riche en \u00e9motions avec un guide autoris\u00e9.\" \/>\n<meta property=\"og:url\" content=\"https:\/\/www.silviaiovino.it\/fr\/tarif\/\" \/>\n<meta property=\"og:site_name\" content=\"Silvia Iovino\" \/>\n<meta property=\"article:modified_time\" content=\"2025-02-15T16:28:33+00:00\" \/>\n<meta name=\"twitter:card\" content=\"summary_large_image\" \/>\n<meta name=\"twitter:label1\" content=\"Dur\u00e9e de lecture estim\u00e9e\" \/>\n\t<meta name=\"twitter:data1\" content=\"3 minutes\" \/>\n<script type=\"application\/ld+json\" class=\"yoast-schema-graph\">{\"@context\":\"https:\\\/\\\/schema.org\",\"@graph\":[{\"@type\":\"WebPage\",\"@id\":\"https:\\\/\\\/www.silviaiovino.it\\\/fr\\\/tarif\\\/\",\"url\":\"https:\\\/\\\/www.silviaiovino.it\\\/fr\\\/tarif\\\/\",\"name\":\"Tarif tours guid\u00e9s\",\"isPartOf\":{\"@id\":\"https:\\\/\\\/www.silviaiovino.it\\\/fr\\\/#website\"},\"datePublished\":\"2022-07-08T17:03:53+00:00\",\"dateModified\":\"2025-02-15T16:28:33+00:00\",\"description\":\"Tours guid\u00e9s \u00e0 Florence \u00e0 partir de 35 \u20ac\\\/personne et individuelles \u00e0 225\u20ac\\\/personne. R\u00e9servez d\u00e8s maintenant votre exp\u00e9rience riche en \u00e9motions avec un guide autoris\u00e9.\",\"breadcrumb\":{\"@id\":\"https:\\\/\\\/www.silviaiovino.it\\\/fr\\\/tarif\\\/#breadcrumb\"},\"inLanguage\":\"fr-FR\",\"potentialAction\":[{\"@type\":\"ReadAction\",\"target\":[\"https:\\\/\\\/www.silviaiovino.it\\\/fr\\\/tarif\\\/\"]}]},{\"@type\":\"BreadcrumbList\",\"@id\":\"https:\\\/\\\/www.silviaiovino.it\\\/fr\\\/tarif\\\/#breadcrumb\",\"itemListElement\":[{\"@type\":\"ListItem\",\"position\":1,\"name\":\"Home\",\"item\":\"https:\\\/\\\/www.silviaiovino.it\\\/fr\\\/\"},{\"@type\":\"ListItem\",\"position\":2,\"name\":\"Tarif\"}]},{\"@type\":\"WebSite\",\"@id\":\"https:\\\/\\\/www.silviaiovino.it\\\/fr\\\/#website\",\"url\":\"https:\\\/\\\/www.silviaiovino.it\\\/fr\\\/\",\"name\":\"Silvia Iovino\",\"description\":\"Guida Turistica per Firenze, Prato e Dintorni\",\"potentialAction\":[{\"@type\":\"SearchAction\",\"target\":{\"@type\":\"EntryPoint\",\"urlTemplate\":\"https:\\\/\\\/www.silviaiovino.it\\\/fr\\\/?s={search_term_string}\"},\"query-input\":{\"@type\":\"PropertyValueSpecification\",\"valueRequired\":true,\"valueName\":\"search_term_string\"}}],\"inLanguage\":\"fr-FR\"}]}<\/script>\n<!-- \/ Yoast SEO plugin. -->","yoast_head_json":{"title":"Tarif tours guid\u00e9s","description":"Tours guid\u00e9s \u00e0 Florence \u00e0 partir de 35 \u20ac\/personne et individuelles \u00e0 225\u20ac\/personne. R\u00e9servez d\u00e8s maintenant votre exp\u00e9rience riche en \u00e9motions avec un guide autoris\u00e9.","robots":{"index":"index","follow":"follow","max-snippet":"max-snippet:-1","max-image-preview":"max-image-preview:large","max-video-preview":"max-video-preview:-1"},"canonical":"https:\/\/www.silviaiovino.it\/fr\/tarif\/","og_locale":"fr_FR","og_type":"article","og_title":"Tarif tours guid\u00e9s","og_description":"Tours guid\u00e9s \u00e0 Florence \u00e0 partir de 35 \u20ac\/personne et individuelles \u00e0 225\u20ac\/personne. R\u00e9servez d\u00e8s maintenant votre exp\u00e9rience riche en \u00e9motions avec un guide autoris\u00e9.","og_url":"https:\/\/www.silviaiovino.it\/fr\/tarif\/","og_site_name":"Silvia Iovino","article_modified_time":"2025-02-15T16:28:33+00:00","twitter_card":"summary_large_image","twitter_misc":{"Dur\u00e9e de lecture estim\u00e9e":"3 minutes"},"schema":{"@context":"https:\/\/schema.org","@graph":[{"@type":"WebPage","@id":"https:\/\/www.silviaiovino.it\/fr\/tarif\/","url":"https:\/\/www.silviaiovino.it\/fr\/tarif\/","name":"Tarif tours guid\u00e9s","isPartOf":{"@id":"https:\/\/www.silviaiovino.it\/fr\/#website"},"datePublished":"2022-07-08T17:03:53+00:00","dateModified":"2025-02-15T16:28:33+00:00","description":"Tours guid\u00e9s \u00e0 Florence \u00e0 partir de 35 \u20ac\/personne et individuelles \u00e0 225\u20ac\/personne. R\u00e9servez d\u00e8s maintenant votre exp\u00e9rience riche en \u00e9motions avec un guide autoris\u00e9.","breadcrumb":{"@id":"https:\/\/www.silviaiovino.it\/fr\/tarif\/#breadcrumb"},"inLanguage":"fr-FR","potentialAction":[{"@type":"ReadAction","target":["https:\/\/www.silviaiovino.it\/fr\/tarif\/"]}]},{"@type":"BreadcrumbList","@id":"https:\/\/www.silviaiovino.it\/fr\/tarif\/#breadcrumb","itemListElement":[{"@type":"ListItem","position":1,"name":"Home","item":"https:\/\/www.silviaiovino.it\/fr\/"},{"@type":"ListItem","position":2,"name":"Tarif"}]},{"@type":"WebSite","@id":"https:\/\/www.silviaiovino.it\/fr\/#website","url":"https:\/\/www.silviaiovino.it\/fr\/","name":"Silvia Iovino","description":"Guida Turistica per Firenze, Prato e Dintorni","potentialAction":[{"@type":"SearchAction","target":{"@type":"EntryPoint","urlTemplate":"https:\/\/www.silviaiovino.it\/fr\/?s={search_term_string}"},"query-input":{"@type":"PropertyValueSpecification","valueRequired":true,"valueName":"search_term_string"}}],"inLanguage":"fr-FR"}]}},"_links":{"self":[{"href":"https:\/\/www.silviaiovino.it\/fr\/wp-json\/wp\/v2\/pages\/1720","targetHints":{"allow":["GET"]}}],"collection":[{"href":"https:\/\/www.silviaiovino.it\/fr\/wp-json\/wp\/v2\/pages"}],"about":[{"href":"https:\/\/www.silviaiovino.it\/fr\/wp-json\/wp\/v2\/types\/page"}],"author":[{"embeddable":true,"href":"https:\/\/www.silviaiovino.it\/fr\/wp-json\/wp\/v2\/users\/3"}],"replies":[{"embeddable":true,"href":"https:\/\/www.silviaiovino.it\/fr\/wp-json\/wp\/v2\/comments?post=1720"}],"version-history":[{"count":5,"href":"https:\/\/www.silviaiovino.it\/fr\/wp-json\/wp\/v2\/pages\/1720\/revisions"}],"predecessor-version":[{"id":2779,"href":"https:\/\/www.silviaiovino.it\/fr\/wp-json\/wp\/v2\/pages\/1720\/revisions\/2779"}],"wp:attachment":[{"href":"https:\/\/www.silviaiovino.it\/fr\/wp-json\/wp\/v2\/media?parent=1720"}],"curies":[{"name":"wp","href":"https:\/\/api.w.org\/{rel}","templated":true}]}}