{"id":1729,"date":"2022-07-08T19:51:38","date_gmt":"2022-07-08T17:51:38","guid":{"rendered":"http:\/\/www.silviaiovino.it\/page-daccueil\/"},"modified":"2022-07-18T13:08:36","modified_gmt":"2022-07-18T11:08:36","slug":"page-daccueil","status":"publish","type":"page","link":"https:\/\/www.silviaiovino.it\/fr\/","title":{"rendered":"Page d&rsquo;accueil"},"content":{"rendered":"<div class=\"wpb-content-wrapper\"><p>[vc_row css_animation=\u00a0\u00bb\u00a0\u00bb row_type=\u00a0\u00bbrow\u00a0\u00bb use_row_as_full_screen_section=\u00a0\u00bbno\u00a0\u00bb type=\u00a0\u00bbfull_width\u00a0\u00bb angled_section=\u00a0\u00bbno\u00a0\u00bb text_align=\u00a0\u00bbleft\u00a0\u00bb background_image_as_pattern=\u00a0\u00bbwithout_pattern\u00a0\u00bb z_index=\u00a0\u00bb\u00a0\u00bb][vc_column][rev_slider_vc alias=\u00a0\u00bbhome-slider-1-1&Prime;][\/vc_column][\/vc_row][vc_row css_animation=\u00a0\u00bb\u00a0\u00bb row_type=\u00a0\u00bbrow\u00a0\u00bb use_row_as_full_screen_section=\u00a0\u00bbno\u00a0\u00bb type=\u00a0\u00bbgrid\u00a0\u00bb angled_section=\u00a0\u00bbno\u00a0\u00bb text_align=\u00a0\u00bbcenter\u00a0\u00bb background_image_as_pattern=\u00a0\u00bbwithout_pattern\u00a0\u00bb padding_top=\u00a0\u00bb50&Prime; padding_bottom=\u00a0\u00bb50&Prime; z_index=\u00a0\u00bb\u00a0\u00bb css=\u00a0\u00bb.vc_custom_1596721188927{background-image: url(http:\/\/www.silviaiovino.it\/wp-content\/uploads\/2020\/07\/home-background-1.jpg?id=217) !important;background-position: center !important;background-repeat: no-repeat !important;background-size: cover !important;}\u00a0\u00bb][vc_column width=\u00a0\u00bb2\/3&Prime;][vc_column_text]<br \/>\n<strong>Qu&rsquo;est-ce que je fais concr\u00e8tement?<\/strong><\/p>\n<p>J&rsquo;aime Florence, mais encore plus la <em><strong>finocchiona <\/strong><\/em>que je peux gouter \u00e0 la fin d&rsquo;une journ\u00e9e de travail!<\/p>\n<p>Avez-.vous jamais vu la majestuosit\u00e9 de David de Michelange? Est-ce que votre regard s&rsquo;est jamais attard<b>\u00e9 <\/b>sur la fa\u00e7ade de la<b> Cath\u00e9drale de Florence? Est-<\/b>ce que vous vous <em>\u00eates jamais laiss\u00e9s fasciner per<\/em><b><em> les Villas et les jardins des M\u00e9dicis en Toscane?<\/em><\/b><\/p>\n<p>Voil\u00e0 mon travail:<u><b>com<\/b><strong>muniquer des \u00e9motions<\/strong><\/u>, cr\u00e9er des tours et des itin\u00e9raires afin de partager l&rsquo;histoire de Florence, d&rsquo;en approfondir un certain nombre d&rsquo;aspects avec ceux qui la connaissent d\u00e9j\u00e0.<\/p>\n<p>Avec moi vous allez d\u00e9couvrir les coins plus inconnus de Florence et Prato, et je s\u00e9rais bien contente de vous entretenir avec des anecdotes et des histoires sur le pass\u00e9.<\/p>\n<p>L&rsquo;experience qui m&rsquo;enthousiasme r\u00e9ellement, c&rsquo;est de <strong>suivre<\/strong> le Po\u00e8te Dante Alighieri pendant la <em><u>Promenade Dantesque<\/u><\/em>. Il s&rsquo;agit d&rsquo;un tour qui vous conduira \u00e0 la d\u00e9couverte des lieux o\u00f9 le po\u00e8te a v\u00e9cu, a r\u00e9contr\u00e9 ses amours, ses amis.<br \/>\n[\/vc_column_text][\/vc_column][vc_column width=\u00a0\u00bb1\/3&Prime;][vc_empty_space][vc_single_image image=\u00a0\u00bb202&Prime; img_size=\u00a0\u00bbfull\u00a0\u00bb alignment=\u00a0\u00bbcenter\u00a0\u00bb style=\u00a0\u00bbvc_box_circle_2&Prime; qode_css_animation=\u00a0\u00bb\u00a0\u00bb][vc_empty_space][\/vc_column][\/vc_row][vc_row css_animation=\u00a0\u00bb\u00a0\u00bb row_type=\u00a0\u00bbrow\u00a0\u00bb use_row_as_full_screen_section=\u00a0\u00bbno\u00a0\u00bb type=\u00a0\u00bbgrid\u00a0\u00bb angled_section=\u00a0\u00bbno\u00a0\u00bb text_align=\u00a0\u00bbcenter\u00a0\u00bb background_image_as_pattern=\u00a0\u00bbwithout_pattern\u00a0\u00bb padding_top=\u00a0\u00bb104&Prime; padding_bottom=\u00a0\u00bb94&Prime; z_index=\u00a0\u00bb\u00a0\u00bb][vc_column offset=\u00a0\u00bbvc_col-md-4&Prime;]<div class=\"q_counter_holder  center\" style=\"\" data-digit=\"15\"><span class=\"counter  zero\" style=\"color: #12a17b;font-size: 60px;font-weight: Default;\">15<\/span><p class=\"counter_text\" style=\"font-size: 27px;font-weight: Default;text-transform: none;color: #3e3a3b;\">Tours propos\u00e9s<\/p><\/div>[vc_empty_space height=\u00a0\u00bb30px\u00a0\u00bb][\/vc_column][vc_column offset=\u00a0\u00bbvc_col-md-4&Prime;]<div class=\"q_counter_holder  center\" style=\"\" data-digit=\"284\"><span class=\"counter  zero\" style=\"color: #12a17b;font-size: 60px;font-weight: Default;\">284<\/span><p class=\"counter_text\" style=\"font-size: 27px;font-weight: Default;text-transform: none;color: #3e3a3b;\">groupes accompagn\u00e9s<\/p><\/div>[vc_empty_space height=\u00a0\u00bb30px\u00a0\u00bb][\/vc_column][vc_column offset=\u00a0\u00bbvc_col-md-4&Prime;]<div class=\"q_counter_holder  center\" style=\"\" data-digit=\"2190\"><span class=\"counter  zero\" style=\"color: #12a17b;font-size: 60px;font-weight: Default;\">2190<\/span><p class=\"counter_text\" style=\"font-size: 27px;font-weight: Default;text-transform: none;color: #3e3a3b;\">chefs-d'ouvre montr\u00e9s<\/p><\/div>[vc_empty_space height=\u00a0\u00bb30px\u00a0\u00bb][\/vc_column][\/vc_row][vc_row css_animation=\u00a0\u00bb\u00a0\u00bb row_type=\u00a0\u00bbrow\u00a0\u00bb use_row_as_full_screen_section=\u00a0\u00bbno\u00a0\u00bb type=\u00a0\u00bbgrid\u00a0\u00bb angled_section=\u00a0\u00bbno\u00a0\u00bb text_align=\u00a0\u00bbleft\u00a0\u00bb background_image_as_pattern=\u00a0\u00bbwithout_pattern\u00a0\u00bb padding_top=\u00a0\u00bb105&Prime; padding_bottom=\u00a0\u00bb83&Prime; z_index=\u00a0\u00bb\u00a0\u00bb][vc_column width=\u00a0\u00bb5\/12&Prime;][vc_column_text]<br \/>\n<strong>O\u00f9 souhaitez-vous aller?<\/strong><br \/>\n[\/vc_column_text][vc_empty_space height=\u00a0\u00bb12px\u00a0\u00bb][vc_column_text]<\/p>\n<h2>Les itin\u00e9raires conseill\u00e9s en Toscane<\/h2>\n<p style=\"text-align: center;\">[\/vc_column_text][vc_empty_space height=\u00a0\u00bb30px\u00a0\u00bb][\/vc_column][vc_column width=\u00a0\u00bb7\/12&Prime;][qode_elements_holder number_of_columns=\u00a0\u00bbfour_columns\u00a0\u00bb alignment_one_column=\u00a0\u00bbcenter\u00a0\u00bb custom_class=\u00a0\u00bbicone-tour\u00a0\u00bb][qode_elements_holder_item vertical_alignment=\u00a0\u00bbmiddle\u00a0\u00bb horizontal_alignment=\u00a0\u00bbcenter\u00a0\u00bb advanced_animations=\u00a0\u00bbno\u00a0\u00bb custom_class=\u00a0\u00bbhome-tour\u00a0\u00bb][vc_single_image image=\u00a0\u00bb196&Prime; img_size=\u00a0\u00bbfull\u00a0\u00bb alignment=\u00a0\u00bbcenter\u00a0\u00bb onclick=\u00a0\u00bbcustom_link\u00a0\u00bb qode_css_animation=\u00a0\u00bb\u00a0\u00bb link=\u00a0\u00bb\/fr\/tours-de-florence\/\u00a0\u00bb][vc_empty_space height=\u00a0\u00bb20px\u00a0\u00bb][vc_column_text]<\/p>\n<h3 style=\"text-align: center;\">Tour de Florence<\/h3>\n<p style=\"text-align: center;\">[\/vc_column_text][vc_empty_space height=\u00a0\u00bb30px\u00a0\u00bb][\/qode_elements_holder_item][qode_elements_holder_item vertical_alignment=\u00a0\u00bbmiddle\u00a0\u00bb horizontal_alignment=\u00a0\u00bbcenter\u00a0\u00bb advanced_animations=\u00a0\u00bbno\u00a0\u00bb custom_class=\u00a0\u00bbhome-tour\u00a0\u00bb][vc_single_image image=\u00a0\u00bb267&Prime; img_size=\u00a0\u00bbfull\u00a0\u00bb alignment=\u00a0\u00bbcenter\u00a0\u00bb onclick=\u00a0\u00bbcustom_link\u00a0\u00bb qode_css_animation=\u00a0\u00bb\u00a0\u00bb link=\u00a0\u00bb\/fr\/tours-de-prato\/\u00a0\u00bb][vc_empty_space height=\u00a0\u00bb20px\u00a0\u00bb][vc_column_text]<\/p>\n<h3 style=\"text-align: center;\">Tours de<\/h3>\n<h3 style=\"text-align: center;\">Prato<\/h3>\n<p style=\"text-align: center;\">[\/vc_column_text][vc_empty_space height=\u00a0\u00bb30px\u00a0\u00bb][\/qode_elements_holder_item][qode_elements_holder_item vertical_alignment=\u00a0\u00bbmiddle\u00a0\u00bb horizontal_alignment=\u00a0\u00bbcenter\u00a0\u00bb advanced_animations=\u00a0\u00bbno\u00a0\u00bb custom_class=\u00a0\u00bbhome-tour\u00a0\u00bb][vc_single_image image=\u00a0\u00bb1510&Prime; img_size=\u00a0\u00bbfull\u00a0\u00bb alignment=\u00a0\u00bbcenter\u00a0\u00bb onclick=\u00a0\u00bbcustom_link\u00a0\u00bb qode_css_animation=\u00a0\u00bb\u00a0\u00bb link=\u00a0\u00bb\/fr\/tours-aux-alentours\/\u00a0\u00bb][vc_empty_space height=\u00a0\u00bb20px\u00a0\u00bb][vc_column_text]<\/p>\n<h3 style=\"text-align: center;\">Tours aux alentours<\/h3>\n<p>[\/vc_column_text][vc_empty_space height=\u00a0\u00bb30px\u00a0\u00bb][\/qode_elements_holder_item][qode_elements_holder_item vertical_alignment=\u00a0\u00bbmiddle\u00a0\u00bb horizontal_alignment=\u00a0\u00bbcenter\u00a0\u00bb advanced_animations=\u00a0\u00bbno\u00a0\u00bb custom_class=\u00a0\u00bbhome-tour\u00a0\u00bb][vc_single_image image=\u00a0\u00bb1509&Prime; img_size=\u00a0\u00bbfull\u00a0\u00bb alignment=\u00a0\u00bbcenter\u00a0\u00bb onclick=\u00a0\u00bbcustom_link\u00a0\u00bb qode_css_animation=\u00a0\u00bb\u00a0\u00bb link=\u00a0\u00bb\/fr\/tours-speciaux\/\u00a0\u00bb][vc_empty_space height=\u00a0\u00bb20px\u00a0\u00bb][vc_column_text]<\/p>\n<h3 style=\"text-align: center;\">Tours<br \/>\nsp\u00e9ciaux<\/h3>\n<p>[\/vc_column_text][vc_empty_space height=\u00a0\u00bb30px\u00a0\u00bb][\/qode_elements_holder_item][\/qode_elements_holder][\/vc_column][\/vc_row][vc_row css_animation=\u00a0\u00bb\u00a0\u00bb row_type=\u00a0\u00bbrow\u00a0\u00bb use_row_as_full_screen_section=\u00a0\u00bbno\u00a0\u00bb type=\u00a0\u00bbgrid\u00a0\u00bb angled_section=\u00a0\u00bbno\u00a0\u00bb text_align=\u00a0\u00bbleft\u00a0\u00bb background_image_as_pattern=\u00a0\u00bbwithout_pattern\u00a0\u00bb padding_bottom=\u00a0\u00bb100&Prime; z_index=\u00a0\u00bb\u00a0\u00bb css=\u00a0\u00bb.vc_custom_1595510937215{background-position: center !important;background-repeat: no-repeat !important;background-size: cover !important;}\u00a0\u00bb padding_top=\u00a0\u00bb50&Prime;][vc_column width=\u00a0\u00bb1\/12&Prime;][\/vc_column][vc_column width=\u00a0\u00bb5\/6&Prime; css=\u00a0\u00bb.vc_custom_1595510796204{margin-right: 10px !important;margin-left: 10px !important;border-top-width: 2px !important;border-right-width: 2px !important;border-bottom-width: 2px !important;border-left-width: 2px !important;padding-top: 40px !important;padding-right: 40px !important;padding-bottom: 40px !important;padding-left: 40px !important;background-image: url(http:\/\/www.silviaiovino.it\/wp-content\/uploads\/2020\/07\/newsletter-e1595510757307.jpg?id=233) !important;background-position: center !important;background-repeat: no-repeat !important;background-size: cover !important;border-left-style: solid !important;border-right-style: solid !important;border-top-style: solid !important;border-bottom-style: solid !important;border-radius: 25px !important;}\u00a0\u00bb][qode_elements_holder number_of_columns=\u00a0\u00bbtwo_columns\u00a0\u00bb columns_proportion=\u00a0\u00bb66_33&Prime;][qode_elements_holder_item vertical_alignment=\u00a0\u00bbmiddle\u00a0\u00bb advanced_animations=\u00a0\u00bbno\u00a0\u00bb][vc_column_text]<br \/>\n<strong>Restez en contact !<\/strong><\/p>\n<p>Inscrivez-vous \u00e0 la newsletter, vous recevrez toutes les derni\u00e8res nouvelles sur les <strong>activit\u00e9s<\/strong>, les <strong>itin\u00e9raires<\/strong> et les <strong>\u00e9v\u00e9nements<\/strong> ![\/vc_column_text][\/qode_elements_holder_item][qode_elements_holder_item vertical_alignment=\u00a0\u00bbmiddle\u00a0\u00bb horizontal_alignment=\u00a0\u00bbcenter\u00a0\u00bb advanced_animations=\u00a0\u00bbno\u00a0\u00bb]<a  itemprop=\"url\" href=\"http:\/\/eepurl.com\/g9Gabz\" target=\"_blank\"  class=\"qbutton  default\" style=\"\">Inscrivez-vous !<\/a>[\/qode_elements_holder_item][\/qode_elements_holder][\/vc_column][vc_column width=\u00a0\u00bb1\/12&Prime;][\/vc_column][\/vc_row][vc_row css_animation=\u00a0\u00bb\u00a0\u00bb row_type=\u00a0\u00bbrow\u00a0\u00bb use_row_as_full_screen_section=\u00a0\u00bbno\u00a0\u00bb type=\u00a0\u00bbgrid\u00a0\u00bb angled_section=\u00a0\u00bbno\u00a0\u00bb text_align=\u00a0\u00bbleft\u00a0\u00bb background_image_as_pattern=\u00a0\u00bbwithout_pattern\u00a0\u00bb padding_bottom=\u00a0\u00bb72&Prime; z_index=\u00a0\u00bb\u00a0\u00bb][vc_column][vc_column_text]<br \/>\nDe mon blog<br \/>\n[\/vc_column_text][vc_empty_space height=\u00a0\u00bb12px\u00a0\u00bb]<div class=\"qode-blog-carousel-titled\" data-posts-shown=\"3\">\n\t<div class=\"qode-bct-title-holder\" style=\"color:#ffffff\">\n\t\t<a class=\"qode-bct-caroufredsel-prev\" href=\"#\">\n\t\t\t<span class=\"qode-bct-caroufredsel-nav-inner\">\n\t\t\t\t<span class=\"qode-bct-caroufredsel-nav-icon-holder\">\n\t\t\t\t\t<span class=\"arrow_carrot-left\"><\/span>\n\t\t\t\t<\/span>\n\t\t\t<\/span>\n\t\t<\/a>\n\t\t\t\t<a class=\"qode-bct-caroufredsel-next\" href=\"#\">\n\t\t<span class=\"qode-bct-caroufredsel-nav-inner\">\n\t\t\t<span class=\"qode-bct-caroufredsel-nav-icon-holder\">\n\t\t\t\t<span class=\"arrow_carrot-right\"><\/span>\n\t\t\t<\/span>\n\t\t<\/span>\n\t<\/a>\n\t<\/div>\n\t<\/div>[vc_empty_space height=\u00a0\u00bb12px\u00a0\u00bb][\/vc_column][\/vc_row][vc_row css_animation=\u00a0\u00bb\u00a0\u00bb row_type=\u00a0\u00bbrow\u00a0\u00bb use_row_as_full_screen_section=\u00a0\u00bbno\u00a0\u00bb type=\u00a0\u00bbfull_width\u00a0\u00bb angled_section=\u00a0\u00bbno\u00a0\u00bb text_align=\u00a0\u00bbcenter\u00a0\u00bb background_image_as_pattern=\u00a0\u00bbwithout_pattern\u00a0\u00bb padding_top=\u00a0\u00bb46&Prime; css=\u00a0\u00bb.vc_custom_1595492731486{padding-bottom: 20% !important;background-image: url(http:\/\/www.silviaiovino.it\/wp-content\/uploads\/2020\/07\/footer-florence.jpg?id=185) !important;background-position: center !important;background-repeat: no-repeat !important;background-size: cover !important;}\u00a0\u00bb z_index=\u00a0\u00bb\u00a0\u00bb][vc_column][\/vc_column][\/vc_row]<\/p>\n<\/div>","protected":false},"excerpt":{"rendered":"<p>[vc_row css_animation=\u00a0\u00bb\u00a0\u00bb row_type=\u00a0\u00bbrow\u00a0\u00bb use_row_as_full_screen_section=\u00a0\u00bbno\u00a0\u00bb type=\u00a0\u00bbfull_width\u00a0\u00bb angled_section=\u00a0\u00bbno\u00a0\u00bb text_align=\u00a0\u00bbleft\u00a0\u00bb background_image_as_pattern=\u00a0\u00bbwithout_pattern\u00a0\u00bb z_index=\u00a0\u00bb\u00a0\u00bb][vc_column][rev_slider_vc alias=\u00a0\u00bbhome-slider-1-1&Prime;][\/vc_column][\/vc_row][vc_row css_animation=\u00a0\u00bb\u00a0\u00bb row_type=\u00a0\u00bbrow\u00a0\u00bb use_row_as_full_screen_section=\u00a0\u00bbno\u00a0\u00bb type=\u00a0\u00bbgrid\u00a0\u00bb angled_section=\u00a0\u00bbno\u00a0\u00bb text_align=\u00a0\u00bbcenter\u00a0\u00bb background_image_as_pattern=\u00a0\u00bbwithout_pattern\u00a0\u00bb padding_top=\u00a0\u00bb50&Prime; padding_bottom=\u00a0\u00bb50&Prime; z_index=\u00a0\u00bb\u00a0\u00bb css=\u00a0\u00bb.vc_custom_1596721188927{background-image: url(http:\/\/www.silviaiovino.it\/wp-content\/uploads\/2020\/07\/home-background-1.jpg?id=217) !important;background-position: center !important;background-repeat: no-repeat !important;background-size: cover !important;}\u00a0\u00bb][vc_column width=\u00a0\u00bb2\/3&Prime;][vc_column_text] Qu&rsquo;est-ce que je fais concr\u00e8tement? J&rsquo;aime Florence, mais encore plus la finocchiona que je peux&#8230;<\/p>\n","protected":false},"author":3,"featured_media":0,"parent":0,"menu_order":0,"comment_status":"closed","ping_status":"closed","template":"full_width.php","meta":{"footnotes":""},"class_list":["post-1729","page","type-page","status-publish","hentry"],"yoast_head":"<!-- This site is optimized with the Yoast SEO plugin v27.4 - https:\/\/yoast.com\/product\/yoast-seo-wordpress\/ -->\n<title>Silvia Iovino - Visites guid\u00e9es \u00e0 Florence et \u00e0 Prato<\/title>\n<meta name=\"description\" content=\"Venez d\u00e9couvrir avec moi deux des plus villes de la Toscane: Florence et Prato. Laissez-vous surprendre par la beaut\u00e9 de ces lieux!\" \/>\n<meta name=\"robots\" content=\"index, follow, max-snippet:-1, max-image-preview:large, max-video-preview:-1\" \/>\n<link rel=\"canonical\" href=\"https:\/\/www.silviaiovino.it\/fr\/\" \/>\n<meta property=\"og:locale\" content=\"fr_FR\" \/>\n<meta property=\"og:type\" content=\"article\" \/>\n<meta property=\"og:title\" content=\"Silvia Iovino - Visites guid\u00e9es \u00e0 Florence et \u00e0 Prato\" \/>\n<meta property=\"og:description\" content=\"Venez d\u00e9couvrir avec moi deux des plus villes de la Toscane: Florence et Prato. Laissez-vous surprendre par la beaut\u00e9 de ces lieux!\" \/>\n<meta property=\"og:url\" content=\"https:\/\/www.silviaiovino.it\/fr\/\" \/>\n<meta property=\"og:site_name\" content=\"Silvia Iovino\" \/>\n<meta property=\"article:modified_time\" content=\"2022-07-18T11:08:36+00:00\" \/>\n<meta name=\"twitter:card\" content=\"summary_large_image\" \/>\n<meta name=\"twitter:label1\" content=\"Dur\u00e9e de lecture estim\u00e9e\" \/>\n\t<meta name=\"twitter:data1\" content=\"3 minutes\" \/>\n<script type=\"application\/ld+json\" class=\"yoast-schema-graph\">{\"@context\":\"https:\\\/\\\/schema.org\",\"@graph\":[{\"@type\":\"WebPage\",\"@id\":\"https:\\\/\\\/www.silviaiovino.it\\\/fr\\\/\",\"url\":\"https:\\\/\\\/www.silviaiovino.it\\\/fr\\\/\",\"name\":\"Silvia Iovino - Visites guid\u00e9es \u00e0 Florence et \u00e0 Prato\",\"isPartOf\":{\"@id\":\"https:\\\/\\\/www.silviaiovino.it\\\/fr\\\/#website\"},\"datePublished\":\"2022-07-08T17:51:38+00:00\",\"dateModified\":\"2022-07-18T11:08:36+00:00\",\"description\":\"Venez d\u00e9couvrir avec moi deux des plus villes de la Toscane: Florence et Prato. Laissez-vous surprendre par la beaut\u00e9 de ces lieux!\",\"breadcrumb\":{\"@id\":\"https:\\\/\\\/www.silviaiovino.it\\\/fr\\\/#breadcrumb\"},\"inLanguage\":\"fr-FR\",\"potentialAction\":[{\"@type\":\"ReadAction\",\"target\":[\"https:\\\/\\\/www.silviaiovino.it\\\/fr\\\/\"]}]},{\"@type\":\"BreadcrumbList\",\"@id\":\"https:\\\/\\\/www.silviaiovino.it\\\/fr\\\/#breadcrumb\",\"itemListElement\":[{\"@type\":\"ListItem\",\"position\":1,\"name\":\"Home\",\"item\":\"https:\\\/\\\/www.silviaiovino.it\\\/fr\\\/\"},{\"@type\":\"ListItem\",\"position\":2,\"name\":\"Page d&rsquo;accueil\"}]},{\"@type\":\"WebSite\",\"@id\":\"https:\\\/\\\/www.silviaiovino.it\\\/fr\\\/#website\",\"url\":\"https:\\\/\\\/www.silviaiovino.it\\\/fr\\\/\",\"name\":\"Silvia Iovino\",\"description\":\"Guida Turistica per Firenze, Prato e Dintorni\",\"potentialAction\":[{\"@type\":\"SearchAction\",\"target\":{\"@type\":\"EntryPoint\",\"urlTemplate\":\"https:\\\/\\\/www.silviaiovino.it\\\/fr\\\/?s={search_term_string}\"},\"query-input\":{\"@type\":\"PropertyValueSpecification\",\"valueRequired\":true,\"valueName\":\"search_term_string\"}}],\"inLanguage\":\"fr-FR\"}]}<\/script>\n<!-- \/ Yoast SEO plugin. -->","yoast_head_json":{"title":"Silvia Iovino - Visites guid\u00e9es \u00e0 Florence et \u00e0 Prato","description":"Venez d\u00e9couvrir avec moi deux des plus villes de la Toscane: Florence et Prato. Laissez-vous surprendre par la beaut\u00e9 de ces lieux!","robots":{"index":"index","follow":"follow","max-snippet":"max-snippet:-1","max-image-preview":"max-image-preview:large","max-video-preview":"max-video-preview:-1"},"canonical":"https:\/\/www.silviaiovino.it\/fr\/","og_locale":"fr_FR","og_type":"article","og_title":"Silvia Iovino - Visites guid\u00e9es \u00e0 Florence et \u00e0 Prato","og_description":"Venez d\u00e9couvrir avec moi deux des plus villes de la Toscane: Florence et Prato. Laissez-vous surprendre par la beaut\u00e9 de ces lieux!","og_url":"https:\/\/www.silviaiovino.it\/fr\/","og_site_name":"Silvia Iovino","article_modified_time":"2022-07-18T11:08:36+00:00","twitter_card":"summary_large_image","twitter_misc":{"Dur\u00e9e de lecture estim\u00e9e":"3 minutes"},"schema":{"@context":"https:\/\/schema.org","@graph":[{"@type":"WebPage","@id":"https:\/\/www.silviaiovino.it\/fr\/","url":"https:\/\/www.silviaiovino.it\/fr\/","name":"Silvia Iovino - Visites guid\u00e9es \u00e0 Florence et \u00e0 Prato","isPartOf":{"@id":"https:\/\/www.silviaiovino.it\/fr\/#website"},"datePublished":"2022-07-08T17:51:38+00:00","dateModified":"2022-07-18T11:08:36+00:00","description":"Venez d\u00e9couvrir avec moi deux des plus villes de la Toscane: Florence et Prato. Laissez-vous surprendre par la beaut\u00e9 de ces lieux!","breadcrumb":{"@id":"https:\/\/www.silviaiovino.it\/fr\/#breadcrumb"},"inLanguage":"fr-FR","potentialAction":[{"@type":"ReadAction","target":["https:\/\/www.silviaiovino.it\/fr\/"]}]},{"@type":"BreadcrumbList","@id":"https:\/\/www.silviaiovino.it\/fr\/#breadcrumb","itemListElement":[{"@type":"ListItem","position":1,"name":"Home","item":"https:\/\/www.silviaiovino.it\/fr\/"},{"@type":"ListItem","position":2,"name":"Page d&rsquo;accueil"}]},{"@type":"WebSite","@id":"https:\/\/www.silviaiovino.it\/fr\/#website","url":"https:\/\/www.silviaiovino.it\/fr\/","name":"Silvia Iovino","description":"Guida Turistica per Firenze, Prato e Dintorni","potentialAction":[{"@type":"SearchAction","target":{"@type":"EntryPoint","urlTemplate":"https:\/\/www.silviaiovino.it\/fr\/?s={search_term_string}"},"query-input":{"@type":"PropertyValueSpecification","valueRequired":true,"valueName":"search_term_string"}}],"inLanguage":"fr-FR"}]}},"_links":{"self":[{"href":"https:\/\/www.silviaiovino.it\/fr\/wp-json\/wp\/v2\/pages\/1729","targetHints":{"allow":["GET"]}}],"collection":[{"href":"https:\/\/www.silviaiovino.it\/fr\/wp-json\/wp\/v2\/pages"}],"about":[{"href":"https:\/\/www.silviaiovino.it\/fr\/wp-json\/wp\/v2\/types\/page"}],"author":[{"embeddable":true,"href":"https:\/\/www.silviaiovino.it\/fr\/wp-json\/wp\/v2\/users\/3"}],"replies":[{"embeddable":true,"href":"https:\/\/www.silviaiovino.it\/fr\/wp-json\/wp\/v2\/comments?post=1729"}],"version-history":[{"count":0,"href":"https:\/\/www.silviaiovino.it\/fr\/wp-json\/wp\/v2\/pages\/1729\/revisions"}],"wp:attachment":[{"href":"https:\/\/www.silviaiovino.it\/fr\/wp-json\/wp\/v2\/media?parent=1729"}],"curies":[{"name":"wp","href":"https:\/\/api.w.org\/{rel}","templated":true}]}}